{"id":12236,"date":"2014-08-29T11:12:27","date_gmt":"2014-08-29T10:12:27","guid":{"rendered":"https:\/\/www.hollandpalette.nl\/?page_id=12236"},"modified":"2024-08-15T09:44:41","modified_gmt":"2024-08-15T08:44:41","slug":"home","status":"publish","type":"page","link":"https:\/\/www.hollandpalette.nl\/es\/","title":{"rendered":"Home"},"content":{"rendered":"[spb_text_block pb_margin_bottom=\u00bbno\u00bb pb_border_bottom=\u00bbno\u00bb el_class=\u00bbgreenheader\u00bb width=\u00bb1\/1&#8243; el_position=\u00bbfirst last\u00bb]\n<h1 style=\"text-align: center;\">\u00a1Descubre los distintos colores de Holanda y B\u00e9lgica!<\/h1>\n[\/spb_text_block] [spb_row row_bg_type=\u00bbimage\u00bb parallax_image_height=\u00bbcontent-height\u00bb parallax_image_movement=\u00bbfixed\u00bb parallax_image_speed=\u00bb0.5&#8243; parallax_video_height=\u00bbwindow-height\u00bb parallax_video_overlay=\u00bbnone\u00bb row_overlay_opacity=\u00bb0&#8243; width=\u00bb1\/1&#8243; el_position=\u00bbfirst last\u00bb] [spb_text_block pb_margin_bottom=\u00bbno\u00bb pb_border_bottom=\u00bbno\u00bb width=\u00bb1\/1&#8243; el_position=\u00bbfirst last\u00bb]\n<p>Holland Palette es un DMC especializado en la creaci\u00f3n de programas tur\u00edsticos completos en Holanda y B\u00e9lgica. No hay otro pa\u00eds que los Pa\u00edses Bajos con tantos colores. No hay otro pa\u00eds que Holanda con tantas cosas diversas. Los tulipanes con sus colores distintos, los diques verdes, los tejados rojos, las casas de madera de muchos colores, los zuecos amarillos\u2026 un escenario perfecto para ofrecer un programa atractivo. Podemos ofrecer sugerencias originales para a\u00f1adir a su programa base, tanto para programas tur\u00edsticos como para reuniones con ideas originales para la noche, para sus visitas t\u00e9cnicas, para actividades activas dentro de sus programas de incentive \u2013 nosotros nos preocupamos de todo. En estrecha colaboraci\u00f3n con su empresa su cliente descubrir\u00e1 las muchas facetas de los Pa\u00edses Bajos y B\u00e9lgica. Por este motivo ; bienvenido a Holanda y B\u00e9lgica y bienvenido con Holland Palette !<\/p>\n<p style=\"text-align: right;\">Martin Heida, Director de Holland Palette<\/p>\n<p><img loading=\"lazy\" decoding=\"async\" class=\"alignright wp-image-14431 \" src=\"https:\/\/www.hollandpalette.nl\/wp-content\/uploads\/2014\/08\/Handtekening-Martin-blauw-300x1511-300x151.jpg\" alt=\"Handtekening-Martin-blauw-300x151\" width=\"185\" height=\"93\" srcset=\"https:\/\/www.hollandpalette.nl\/wp-content\/uploads\/2014\/08\/Handtekening-Martin-blauw-300x1511.jpg 300w, https:\/\/www.hollandpalette.nl\/wp-content\/uploads\/2014\/08\/Handtekening-Martin-blauw-300x1511-31x16.jpg 31w\" sizes=\"auto, (max-width: 185px) 100vw, 185px\" \/><\/p>\n[\/spb_text_block] [\/spb_row] [spb_text_block pb_margin_bottom=\u00bbno\u00bb pb_border_bottom=\u00bbno\u00bb el_class=\u00bbgreenheader\u00bb width=\u00bb1\/3&#8243; el_position=\u00bbfirst\u00bb]\n<h1 style=\"text-align: center;\"><img loading=\"lazy\" decoding=\"async\" class=\"alignnone wp-image-12250 size-full\" src=\"https:\/\/www.hollandpalette.nl\/wp-content\/uploads\/2014\/08\/wafel.png\" alt=\"\" width=\"141\" height=\"102\" \/><\/h1>\n<h1 style=\"text-align: center;\">Viajes Individuales VIP<\/h1>\n<div class=\"page\" title=\"Page 2\">\n<div class=\"section\">\n<div class=\"layoutArea\">\n<div class=\"column\">\n<h3 style=\"text-align: center;\">Programas a medida para el viajero exigente<\/h3>\n<p style=\"text-align: left;\">\n<\/div>\n<\/div>\n<\/div>\n<\/div>\n[\/spb_text_block] [spb_text_block pb_margin_bottom=\u00bbno\u00bb pb_border_bottom=\u00bbno\u00bb el_class=\u00bbgreenheader\u00bb width=\u00bb1\/3&#8243;]\n<h1 style=\"text-align: center;\"><a href=\"https:\/\/www.hollandpalette.nl\/wp-content\/uploads\/2014\/08\/kaas.png\"><img loading=\"lazy\" decoding=\"async\" class=\"alignnone wp-image-12248 size-full\" src=\"https:\/\/www.hollandpalette.nl\/wp-content\/uploads\/2014\/08\/kaas.png\" alt=\"\" width=\"141\" height=\"102\" \/><\/a><\/h1>\n<h1 style=\"text-align: center;\">Incentivos Palette Plus<\/h1>\n<h3 style=\"text-align: center;\">Programas lleno de color en nuestros destinos lleno de colores<\/h3>\n[\/spb_text_block] [spb_text_block pb_margin_bottom=\u00bbno\u00bb pb_border_bottom=\u00bbno\u00bb el_class=\u00bbgreenheader\u00bb width=\u00bb1\/3&#8243; el_position=\u00bblast\u00bb]\n<h1 style=\"text-align: center;\"><a href=\"https:\/\/www.hollandpalette.nl\/wp-content\/uploads\/2014\/08\/klompen.png\"><img loading=\"lazy\" decoding=\"async\" class=\"alignnone wp-image-12249 size-full\" src=\"https:\/\/www.hollandpalette.nl\/wp-content\/uploads\/2014\/08\/klompen.png\" alt=\"\" width=\"141\" height=\"102\" \/><\/a><\/h1>\n<h1 style=\"text-align: center;\">Grupos y Viajes de Inter\u00e9s Especial<\/h1>\n<h3 style=\"text-align: center;\">Nuestros programas especiales para grupos<\/h3>\n[\/spb_text_block] [spb_row row_bg_type=\u00bbimage\u00bb parallax_image_height=\u00bbcontent-height\u00bb parallax_image_movement=\u00bbfixed\u00bb parallax_image_speed=\u00bb0.5&#8243; parallax_video_height=\u00bbwindow-height\u00bb parallax_video_overlay=\u00bbnone\u00bb row_overlay_opacity=\u00bb0&#8243; width=\u00bb1\/1&#8243; el_position=\u00bbfirst last\u00bb] [spb_text_block pb_margin_bottom=\u00bbno\u00bb pb_border_bottom=\u00bbno\u00bb width=\u00bb1\/3&#8243; el_position=\u00bbfirst\u00bb]\n<p style=\"text-align: center;\"><a class=\"sf-button standard white standard home-triplets-button\" href=\"https:\/\/www.hollandpalette.nl\/es\/vip-individuals-3\/\" target=\"_self\"><span class=\"text\">Leer<\/span><\/a><\/p>\n[\/spb_text_block] [spb_text_block pb_margin_bottom=\u00bbno\u00bb pb_border_bottom=\u00bbno\u00bb width=\u00bb1\/3&#8243;]\n<p style=\"text-align: center;\"><a class=\"sf-button standard white standard home-triplets-button\" href=\"https:\/\/www.hollandpalette.nl\/es\/incentives\/\" target=\"_self\"><span class=\"text\">Leer<\/span><\/a><\/p>\n[\/spb_text_block] [spb_text_block pb_margin_bottom=\u00bbno\u00bb pb_border_bottom=\u00bbno\u00bb width=\u00bb1\/3&#8243; el_position=\u00bblast\u00bb]\n<p style=\"text-align: center;\"><a class=\"sf-button standard white standard home-triplets-button\" href=\"https:\/\/www.hollandpalette.nl\/es\/groups-special-interest\/\" target=\"_self\"><span class=\"text\">Leer<\/span><\/a><\/p>\n[\/spb_text_block] [\/spb_row] [testimonial_slider text_size=\u00bbnormal\u00bb item_count=\u00bb6&#8243; order=\u00bbrand\u00bb category=\u00bbAll\u00bb autoplay=\u00bbyes\u00bb alt_background=\u00bbalt-eight\u00bb width=\u00bb1\/1&#8243; el_position=\u00bbfirst last\u00bb] [blank_spacer height=\u00bb30px\u00bb width=\u00bb1\/1&#8243; el_position=\u00bbfirst last\u00bb] [spb_row wrap_type=\u00bbcontent-width\u00bb row_bg_type=\u00bbimage\u00bb row_bg_color=\u00bb#f2f2f2&#8243; color_row_height=\u00bbcontent-height\u00bb bg_type=\u00bbcover\u00bb parallax_image_height=\u00bbcontent-height\u00bb parallax_image_movement=\u00bbfixed\u00bb parallax_image_speed=\u00bb0.5&#8243; parallax_video_height=\u00bbwindow-height\u00bb parallax_video_overlay=\u00bbnone\u00bb row_overlay_opacity=\u00bb0&#8243; row_padding_vertical=\u00bb0&#8243; row_padding_horizontal=\u00bb0&#8243; row_margin_vertical=\u00bb0&#8243; remove_element_spacing=\u00bbno\u00bb inner_column_height=\u00bbcol-natural\u00bb row_el_class=\u00bbsubscriberow\u00bb width=\u00bb1\/1&#8243; el_position=\u00bbfirst last\u00bb] [spb_text_block pb_margin_bottom=\u00bbno\u00bb pb_border_bottom=\u00bbno\u00bb width=\u00bb1\/2&#8243; el_position=\u00bbfirst last\u00bb]\n<p><img loading=\"lazy\" decoding=\"async\" class=\"wp-image-16032 alignleft\" src=\"https:\/\/www.hollandpalette.nl\/wp-content\/uploads\/2020\/01\/HP_BR_SP_001.jpg\" alt=\"\" width=\"296\" height=\"418\" srcset=\"https:\/\/www.hollandpalette.nl\/wp-content\/uploads\/2020\/01\/HP_BR_SP_001.jpg 892w, https:\/\/www.hollandpalette.nl\/wp-content\/uploads\/2020\/01\/HP_BR_SP_001-212x300.jpg 212w, https:\/\/www.hollandpalette.nl\/wp-content\/uploads\/2020\/01\/HP_BR_SP_001-724x1024.jpg 724w, https:\/\/www.hollandpalette.nl\/wp-content\/uploads\/2020\/01\/HP_BR_SP_001-768x1087.jpg 768w, https:\/\/www.hollandpalette.nl\/wp-content\/uploads\/2020\/01\/HP_BR_SP_001-19x27.jpg 19w\" sizes=\"auto, (max-width: 296px) 100vw, 296px\" \/><\/p>\n[\/spb_text_block] [spb_text_block pb_margin_bottom=\u00bbno\u00bb pb_border_bottom=\u00bbno\u00bb width=\u00bb2\/3&#8243; el_position=\u00bbfirst last\u00bb]\n<h3><\/h3>\n<h3><\/h3>\n<h3><\/h3>\n<h3><\/h3>\n<h3><\/h3>\n<h3 style=\"text-align: left;\"><span class=\"s1\">Haga clic <\/span><span class=\"s1\"><a href=\"#hp_br_sp\" data-fb-id=\"hp_br_sp\" data-fb-fs=\"#ededed|95|true\" class=\"rfbwp-popup-book \">a<span style=\"text-decoration: underline;\">qu\u00ed<\/span><\/a> <\/span><span class=\"s1\">para ver el folleto de Holland Palette<\/span><\/h3>\n<h3 style=\"text-align: left;\"><\/h3>\n<h3><\/h3>\n<h3 style=\"text-align: left;\"><\/h3>\n[\/spb_text_block] [\/spb_row] [blank_spacer height=\u00bb30px\u00bb width=\u00bb1\/1&#8243; el_position=\u00bbfirst last\u00bb] [spb_row wrap_type=\u00bbcontent-width\u00bb row_bg_type=\u00bbimage\u00bb color_row_height=\u00bbcontent-height\u00bb bg_type=\u00bbcover\u00bb parallax_image_height=\u00bbcontent-height\u00bb parallax_image_movement=\u00bbfixed\u00bb parallax_image_speed=\u00bb0.5&#8243; parallax_video_height=\u00bbwindow-height\u00bb parallax_video_overlay=\u00bbnone\u00bb row_overlay_opacity=\u00bb0&#8243; row_padding_vertical=\u00bb0&#8243; row_padding_horizontal=\u00bb0&#8243; row_margin_vertical=\u00bb0&#8243; remove_element_spacing=\u00bbno\u00bb inner_column_height=\u00bbcol-natural\u00bb width=\u00bb1\/1&#8243; el_position=\u00bbfirst last\u00bb] [spb_text_block pb_margin_bottom=\u00bbno\u00bb pb_border_bottom=\u00bbno\u00bb width=\u00bb1\/1&#8243; el_position=\u00bbfirst last\u00bb]\n<h1><span style=\"color: #3d61aa;\">\u00bf Por qu\u00e9 Holland Palette?<\/span><\/h1>\n[\/spb_text_block] [spb_text_block pb_margin_bottom=\u00bbno\u00bb pb_border_bottom=\u00bbno\u00bb width=\u00bb1\/2&#8243; el_position=\u00bbfirst\u00bb]\n<h2><span style=\"color: #3d61aa;\">\u2192 Puede contactarnos 24\/7<\/span><\/h2>\n<h2><span style=\"color: #3d61aa;\">\u2192 Hablamos su idioma<\/span><\/h2>\n<h2><span style=\"color: #3d61aa;\">\u2192 Recibir\u00e1 nuestra oferta dentro de 24 horas<\/span><\/h2>\n<h2><span style=\"color: #3d61aa;\">\u2192 Somos expertos en el Benelux<\/span><\/h2>\n<h2><span style=\"color: #3d61aa;\">\u2192 Nos complace hacer cualquier programa a la medida para usted<\/span><\/h2>\n<h2><\/h2>\n[\/spb_text_block] [spb_icon_box box_type=\u00bbstandard\u00bb image=\u00bbfas fa-envelope\u00bb color=\u00bbaccent\u00bb target=\u00bb_self\u00bb animation=\u00bbnone\u00bb animation_delay=\u00bb0&#8243; width=\u00bb1\/4&#8243;]\n<h3 style=\"text-align: center;\"><a href=\"mailto:mail@hollandpalette.nl\">mail@hollandpalette.nl<\/a><\/h3>\n[\/spb_icon_box] [spb_icon_box box_type=\u00bbstandard\u00bb image=\u00bbfas fa-phone-alt\u00bb color=\u00bbaccent\u00bb target=\u00bb_self\u00bb animation=\u00bbnone\u00bb animation_delay=\u00bb0&#8243; width=\u00bb1\/4&#8243; el_position=\u00bblast\u00bb]\n<h3>+31 70 306 06 46<\/h3>\n[\/spb_icon_box] [\/spb_row] [spb_parallax parallax_type=\u00bbimage\u00bb bg_image=\u00bb12218&#8243; bg_type=\u00bbcover\u00bb parallax_video_height=\u00bbvideo-height\u00bb parallax_video_overlay=\u00bbnone\u00bb parallax_image_height=\u00bbcontent-height\u00bb parallax_image_movement=\u00bbfixed\u00bb parallax_image_speed=\u00bb0.5&#8243; padding_horizontal=\u00bb15&#8243; alt_background=\u00bbnone\u00bb width=\u00bb1\/1&#8243; el_position=\u00bbfirst last\u00bb]\n<p>&nbsp;<\/p>\n[\/spb_parallax] [spb_row wrap_type=\u00bbcontent-width\u00bb row_bg_type=\u00bbcolor\u00bb row_bg_color=\u00bb#83c441&#8243; color_row_height=\u00bbcontent-height\u00bb bg_type=\u00bbcover\u00bb parallax_image_height=\u00bbcontent-height\u00bb parallax_image_movement=\u00bbfixed\u00bb parallax_image_speed=\u00bb0.5&#8243; parallax_video_height=\u00bbwindow-height\u00bb parallax_video_overlay=\u00bbnone\u00bb row_overlay_opacity=\u00bb0&#8243; row_padding_vertical=\u00bb30&#8243; row_padding_horizontal=\u00bb0&#8243; row_margin_vertical=\u00bb30&#8243; remove_element_spacing=\u00bbyes\u00bb inner_column_height=\u00bbcol-natural\u00bb row_el_class=\u00bbsubscriberow\u00bb width=\u00bb1\/1&#8243; el_position=\u00bbfirst last\u00bb] [spb_text_block pb_margin_bottom=\u00bbno\u00bb pb_border_bottom=\u00bbno\u00bb width=\u00bb1\/1&#8243; el_position=\u00bbfirst last\u00bb]\n\n<div class=\"wpcf7 no-js\" id=\"wpcf7-f13930-o1\" lang=\"en-US\" dir=\"ltr\" data-wpcf7-id=\"13930\">\n<div class=\"screen-reader-response\"><p role=\"status\" aria-live=\"polite\" aria-atomic=\"true\"><\/p> <ul><\/ul><\/div>\n<form action=\"\/es\/wp-json\/wp\/v2\/pages\/12236\/#wpcf7-f13930-o1\" method=\"post\" class=\"wpcf7-form init\" aria-label=\"Contact form\" novalidate=\"novalidate\" data-status=\"init\">\n<div style=\"display: none;\">\n<input type=\"hidden\" name=\"_wpcf7\" value=\"13930\" \/>\n<input type=\"hidden\" name=\"_wpcf7_version\" value=\"6.0.5\" \/>\n<input type=\"hidden\" name=\"_wpcf7_locale\" value=\"en_US\" \/>\n<input type=\"hidden\" name=\"_wpcf7_unit_tag\" value=\"wpcf7-f13930-o1\" \/>\n<input type=\"hidden\" name=\"_wpcf7_container_post\" value=\"0\" \/>\n<input type=\"hidden\" name=\"_wpcf7_posted_data_hash\" value=\"\" \/>\n<\/div>\n<table class=\"subscribeform\">\n\t<tr>\n\t\t<td class=\"headtd\" colspan=5>\n\t\t\t<p>Le informaremos sobre las \u00faltimas novedades y ofertas en nuestra carta de noticias\n\t\t\t<\/p>\n\t\t<\/td>\n\t<\/tr>\n\t<tr>\n\t\t<td>\n\t\t\t<p>Nombre\n\t\t\t<\/p>\n\t\t<\/td>\n\t\t<td>\n\t\t\t<p><span class=\"wpcf7-form-control-wrap\" data-name=\"your-name\"><input size=\"40\" maxlength=\"400\" class=\"wpcf7-form-control wpcf7-text wpcf7-validates-as-required\" aria-required=\"true\" aria-invalid=\"false\" value=\"\" type=\"text\" name=\"your-name\" \/><\/span>\n\t\t\t<\/p>\n\t\t<\/td>\n\t\t<td>\n\t\t\t<p>Email\n\t\t\t<\/p>\n\t\t<\/td>\n\t\t<td>\n\t\t\t<p><span class=\"wpcf7-form-control-wrap\" data-name=\"your-email\"><input size=\"40\" maxlength=\"400\" class=\"wpcf7-form-control wpcf7-email wpcf7-validates-as-required wpcf7-text wpcf7-validates-as-email\" aria-required=\"true\" aria-invalid=\"false\" value=\"\" type=\"email\" name=\"your-email\" \/><\/span>\n\t\t\t<\/p>\n\t\t<\/td>\n\t\t<td>\n\t\t\t<p><input class=\"wpcf7-form-control wpcf7-submit has-spinner\" type=\"submit\" value=\"Suscribirse\" \/>\n\t\t\t<\/p>\n\t\t<\/td>\n\t<\/tr>\n<\/table><p style=\"display: none !important;\" class=\"akismet-fields-container\" data-prefix=\"_wpcf7_ak_\"><label>&#916;<textarea name=\"_wpcf7_ak_hp_textarea\" cols=\"45\" rows=\"8\" maxlength=\"100\"><\/textarea><\/label><input type=\"hidden\" id=\"ak_js_1\" name=\"_wpcf7_ak_js\" value=\"115\"\/><script>document.getElementById( \"ak_js_1\" ).setAttribute( \"value\", ( new Date() ).getTime() );<\/script><\/p><div class=\"wpcf7-response-output\" aria-hidden=\"true\"><\/div>\n<\/form>\n<\/div>\n\n[\/spb_text_block] [\/spb_row]\n","protected":false},"excerpt":{"rendered":"<p>[spb_text_block pb_margin_bottom=\u00bbno\u00bb pb_border_bottom=\u00bbno\u00bb el_class=\u00bbgreenheader\u00bb width=\u00bb1\/1&#8243; el_position=\u00bbfirst last\u00bb] \u00a1Descubre los distintos colores de Holanda y B\u00e9lgica! [\/spb_text_block] [spb_row row_bg_type=\u00bbimage\u00bb parallax_image_height=\u00bbcontent-height\u00bb parallax_image_movement=\u00bbfixed\u00bb parallax_image_speed=\u00bb0.5&#8243; parallax_video_height=\u00bbwindow-height\u00bb parallax_video_overlay=\u00bbnone\u00bb row_overlay_opacity=\u00bb0&#8243; width=\u00bb1\/1&#8243; el_position=\u00bbfirst last\u00bb] [spb_text_block pb_margin_bottom=\u00bbno\u00bb pb_border_bottom=\u00bbno\u00bb width=\u00bb1\/1&#8243; el_position=\u00bbfirst last\u00bb] Holland Palette es un DMC especializado en la creaci\u00f3n de programas tur\u00edsticos completos en Holanda y B\u00e9lgica. No hay otro pa\u00eds que los Pa\u00edses Bajos con tantos [&hellip;]<\/p>\n","protected":false},"author":3,"featured_media":0,"parent":0,"menu_order":0,"comment_status":"closed","ping_status":"closed","template":"","meta":{"_monsterinsights_skip_tracking":false,"_monsterinsights_sitenote_active":false,"_monsterinsights_sitenote_note":"","_monsterinsights_sitenote_category":0,"footnotes":""},"class_list":["post-12236","page","type-page","status-publish","hentry"],"yoast_head":"<!-- This site is optimized with the Yoast SEO plugin v26.5 - https:\/\/yoast.com\/wordpress\/plugins\/seo\/ -->\n<title>Home - Holland Palette<\/title>\n<meta name=\"robots\" content=\"index, follow, max-snippet:-1, max-image-preview:large, max-video-preview:-1\" \/>\n<link rel=\"canonical\" href=\"https:\/\/www.hollandpalette.nl\/es\/\" \/>\n<meta property=\"og:locale\" content=\"es_ES\" \/>\n<meta property=\"og:type\" content=\"article\" \/>\n<meta property=\"og:title\" content=\"Home - Holland Palette\" \/>\n<meta property=\"og:description\" content=\"[spb_text_block pb_margin_bottom=\u00bbno\u00bb pb_border_bottom=\u00bbno\u00bb el_class=\u00bbgreenheader\u00bb width=\u00bb1\/1&#8243; el_position=\u00bbfirst last\u00bb] \u00a1Descubre los distintos colores de Holanda y B\u00e9lgica! [\/spb_text_block] [spb_row row_bg_type=\u00bbimage\u00bb parallax_image_height=\u00bbcontent-height\u00bb parallax_image_movement=\u00bbfixed\u00bb parallax_image_speed=\u00bb0.5&#8243; parallax_video_height=\u00bbwindow-height\u00bb parallax_video_overlay=\u00bbnone\u00bb row_overlay_opacity=\u00bb0&#8243; width=\u00bb1\/1&#8243; el_position=\u00bbfirst last\u00bb] [spb_text_block pb_margin_bottom=\u00bbno\u00bb pb_border_bottom=\u00bbno\u00bb width=\u00bb1\/1&#8243; el_position=\u00bbfirst last\u00bb] Holland Palette es un DMC especializado en la creaci\u00f3n de programas tur\u00edsticos completos en Holanda y B\u00e9lgica. No hay otro pa\u00eds que los Pa\u00edses Bajos con tantos [&hellip;]\" \/>\n<meta property=\"og:url\" content=\"https:\/\/www.hollandpalette.nl\/es\/\" \/>\n<meta property=\"og:site_name\" content=\"Holland Palette\" \/>\n<meta property=\"article:modified_time\" content=\"2024-08-15T08:44:41+00:00\" \/>\n<meta property=\"og:image\" content=\"https:\/\/www.hollandpalette.nl\/wp-content\/uploads\/2014\/08\/Handtekening-Martin-blauw-300x1511-300x151.jpg\" \/>\n<meta name=\"twitter:card\" content=\"summary_large_image\" \/>\n<meta name=\"twitter:label1\" content=\"Tiempo de lectura\" \/>\n\t<meta name=\"twitter:data1\" content=\"4 minutos\" \/>\n<script type=\"application\/ld+json\" class=\"yoast-schema-graph\">{\"@context\":\"https:\/\/schema.org\",\"@graph\":[{\"@type\":\"WebPage\",\"@id\":\"https:\/\/www.hollandpalette.nl\/es\/\",\"url\":\"https:\/\/www.hollandpalette.nl\/es\/\",\"name\":\"Home - Holland Palette\",\"isPartOf\":{\"@id\":\"https:\/\/www.hollandpalette.nl\/#website\"},\"primaryImageOfPage\":{\"@id\":\"https:\/\/www.hollandpalette.nl\/es\/#primaryimage\"},\"image\":{\"@id\":\"https:\/\/www.hollandpalette.nl\/es\/#primaryimage\"},\"thumbnailUrl\":\"https:\/\/www.hollandpalette.nl\/wp-content\/uploads\/2014\/08\/Handtekening-Martin-blauw-300x1511-300x151.jpg\",\"datePublished\":\"2014-08-29T10:12:27+00:00\",\"dateModified\":\"2024-08-15T08:44:41+00:00\",\"breadcrumb\":{\"@id\":\"https:\/\/www.hollandpalette.nl\/es\/#breadcrumb\"},\"inLanguage\":\"es\",\"potentialAction\":[{\"@type\":\"ReadAction\",\"target\":[\"https:\/\/www.hollandpalette.nl\/es\/\"]}]},{\"@type\":\"ImageObject\",\"inLanguage\":\"es\",\"@id\":\"https:\/\/www.hollandpalette.nl\/es\/#primaryimage\",\"url\":\"https:\/\/www.hollandpalette.nl\/wp-content\/uploads\/2014\/08\/Handtekening-Martin-blauw-300x1511-300x151.jpg\",\"contentUrl\":\"https:\/\/www.hollandpalette.nl\/wp-content\/uploads\/2014\/08\/Handtekening-Martin-blauw-300x1511-300x151.jpg\"},{\"@type\":\"BreadcrumbList\",\"@id\":\"https:\/\/www.hollandpalette.nl\/es\/#breadcrumb\",\"itemListElement\":[{\"@type\":\"ListItem\",\"position\":1,\"name\":\"Home\",\"item\":\"https:\/\/www.hollandpalette.nl\/es\/\"},{\"@type\":\"ListItem\",\"position\":2,\"name\":\"Home\"}]},{\"@type\":\"WebSite\",\"@id\":\"https:\/\/www.hollandpalette.nl\/#website\",\"url\":\"https:\/\/www.hollandpalette.nl\/\",\"name\":\"Holland Palette\",\"description\":\"\",\"publisher\":{\"@id\":\"https:\/\/www.hollandpalette.nl\/#organization\"},\"potentialAction\":[{\"@type\":\"SearchAction\",\"target\":{\"@type\":\"EntryPoint\",\"urlTemplate\":\"https:\/\/www.hollandpalette.nl\/?s={search_term_string}\"},\"query-input\":{\"@type\":\"PropertyValueSpecification\",\"valueRequired\":true,\"valueName\":\"search_term_string\"}}],\"inLanguage\":\"es\"},{\"@type\":\"Organization\",\"@id\":\"https:\/\/www.hollandpalette.nl\/#organization\",\"name\":\"Holland Palette\",\"url\":\"https:\/\/www.hollandpalette.nl\/\",\"logo\":{\"@type\":\"ImageObject\",\"inLanguage\":\"es\",\"@id\":\"https:\/\/www.hollandpalette.nl\/#\/schema\/logo\/image\/\",\"url\":\"https:\/\/www.hollandpalette.nl\/wp-content\/uploads\/2014\/12\/Holland-Palette-logo-large-cut.jpg\",\"contentUrl\":\"https:\/\/www.hollandpalette.nl\/wp-content\/uploads\/2014\/12\/Holland-Palette-logo-large-cut.jpg\",\"width\":601,\"height\":616,\"caption\":\"Holland Palette\"},\"image\":{\"@id\":\"https:\/\/www.hollandpalette.nl\/#\/schema\/logo\/image\/\"}}]}<\/script>\n<!-- \/ Yoast SEO plugin. -->","yoast_head_json":{"title":"Home - Holland Palette","robots":{"index":"index","follow":"follow","max-snippet":"max-snippet:-1","max-image-preview":"max-image-preview:large","max-video-preview":"max-video-preview:-1"},"canonical":"https:\/\/www.hollandpalette.nl\/es\/","og_locale":"es_ES","og_type":"article","og_title":"Home - Holland Palette","og_description":"[spb_text_block pb_margin_bottom=\u00bbno\u00bb pb_border_bottom=\u00bbno\u00bb el_class=\u00bbgreenheader\u00bb width=\u00bb1\/1&#8243; el_position=\u00bbfirst last\u00bb] \u00a1Descubre los distintos colores de Holanda y B\u00e9lgica! [\/spb_text_block] [spb_row row_bg_type=\u00bbimage\u00bb parallax_image_height=\u00bbcontent-height\u00bb parallax_image_movement=\u00bbfixed\u00bb parallax_image_speed=\u00bb0.5&#8243; parallax_video_height=\u00bbwindow-height\u00bb parallax_video_overlay=\u00bbnone\u00bb row_overlay_opacity=\u00bb0&#8243; width=\u00bb1\/1&#8243; el_position=\u00bbfirst last\u00bb] [spb_text_block pb_margin_bottom=\u00bbno\u00bb pb_border_bottom=\u00bbno\u00bb width=\u00bb1\/1&#8243; el_position=\u00bbfirst last\u00bb] Holland Palette es un DMC especializado en la creaci\u00f3n de programas tur\u00edsticos completos en Holanda y B\u00e9lgica. No hay otro pa\u00eds que los Pa\u00edses Bajos con tantos [&hellip;]","og_url":"https:\/\/www.hollandpalette.nl\/es\/","og_site_name":"Holland Palette","article_modified_time":"2024-08-15T08:44:41+00:00","og_image":[{"url":"https:\/\/www.hollandpalette.nl\/wp-content\/uploads\/2014\/08\/Handtekening-Martin-blauw-300x1511-300x151.jpg","type":"","width":"","height":""}],"twitter_card":"summary_large_image","twitter_misc":{"Tiempo de lectura":"4 minutos"},"schema":{"@context":"https:\/\/schema.org","@graph":[{"@type":"WebPage","@id":"https:\/\/www.hollandpalette.nl\/es\/","url":"https:\/\/www.hollandpalette.nl\/es\/","name":"Home - Holland Palette","isPartOf":{"@id":"https:\/\/www.hollandpalette.nl\/#website"},"primaryImageOfPage":{"@id":"https:\/\/www.hollandpalette.nl\/es\/#primaryimage"},"image":{"@id":"https:\/\/www.hollandpalette.nl\/es\/#primaryimage"},"thumbnailUrl":"https:\/\/www.hollandpalette.nl\/wp-content\/uploads\/2014\/08\/Handtekening-Martin-blauw-300x1511-300x151.jpg","datePublished":"2014-08-29T10:12:27+00:00","dateModified":"2024-08-15T08:44:41+00:00","breadcrumb":{"@id":"https:\/\/www.hollandpalette.nl\/es\/#breadcrumb"},"inLanguage":"es","potentialAction":[{"@type":"ReadAction","target":["https:\/\/www.hollandpalette.nl\/es\/"]}]},{"@type":"ImageObject","inLanguage":"es","@id":"https:\/\/www.hollandpalette.nl\/es\/#primaryimage","url":"https:\/\/www.hollandpalette.nl\/wp-content\/uploads\/2014\/08\/Handtekening-Martin-blauw-300x1511-300x151.jpg","contentUrl":"https:\/\/www.hollandpalette.nl\/wp-content\/uploads\/2014\/08\/Handtekening-Martin-blauw-300x1511-300x151.jpg"},{"@type":"BreadcrumbList","@id":"https:\/\/www.hollandpalette.nl\/es\/#breadcrumb","itemListElement":[{"@type":"ListItem","position":1,"name":"Home","item":"https:\/\/www.hollandpalette.nl\/es\/"},{"@type":"ListItem","position":2,"name":"Home"}]},{"@type":"WebSite","@id":"https:\/\/www.hollandpalette.nl\/#website","url":"https:\/\/www.hollandpalette.nl\/","name":"Holland Palette","description":"","publisher":{"@id":"https:\/\/www.hollandpalette.nl\/#organization"},"potentialAction":[{"@type":"SearchAction","target":{"@type":"EntryPoint","urlTemplate":"https:\/\/www.hollandpalette.nl\/?s={search_term_string}"},"query-input":{"@type":"PropertyValueSpecification","valueRequired":true,"valueName":"search_term_string"}}],"inLanguage":"es"},{"@type":"Organization","@id":"https:\/\/www.hollandpalette.nl\/#organization","name":"Holland Palette","url":"https:\/\/www.hollandpalette.nl\/","logo":{"@type":"ImageObject","inLanguage":"es","@id":"https:\/\/www.hollandpalette.nl\/#\/schema\/logo\/image\/","url":"https:\/\/www.hollandpalette.nl\/wp-content\/uploads\/2014\/12\/Holland-Palette-logo-large-cut.jpg","contentUrl":"https:\/\/www.hollandpalette.nl\/wp-content\/uploads\/2014\/12\/Holland-Palette-logo-large-cut.jpg","width":601,"height":616,"caption":"Holland Palette"},"image":{"@id":"https:\/\/www.hollandpalette.nl\/#\/schema\/logo\/image\/"}}]}},"_links":{"self":[{"href":"https:\/\/www.hollandpalette.nl\/es\/wp-json\/wp\/v2\/pages\/12236\/"}],"collection":[{"href":"https:\/\/www.hollandpalette.nl\/es\/wp-json\/wp\/v2\/pages\/"}],"about":[{"href":"https:\/\/www.hollandpalette.nl\/es\/wp-json\/wp\/v2\/types\/page\/"}],"author":[{"embeddable":true,"href":"https:\/\/www.hollandpalette.nl\/es\/wp-json\/wp\/v2\/users\/3\/"}],"replies":[{"embeddable":true,"href":"https:\/\/www.hollandpalette.nl\/es\/wp-json\/wp\/v2\/comments\/?post=12236"}],"version-history":[{"count":12,"href":"https:\/\/www.hollandpalette.nl\/es\/wp-json\/wp\/v2\/pages\/12236\/revisions\/"}],"predecessor-version":[{"id":18880,"href":"https:\/\/www.hollandpalette.nl\/es\/wp-json\/wp\/v2\/pages\/12236\/revisions\/18880\/"}],"wp:attachment":[{"href":"https:\/\/www.hollandpalette.nl\/es\/wp-json\/wp\/v2\/media\/?parent=12236"}],"curies":[{"name":"wp","href":"https:\/\/api.w.org\/{rel}","templated":true}]}}