{"id":16877,"date":"2020-03-06T15:33:47","date_gmt":"2020-03-06T14:33:47","guid":{"rendered":"https:\/\/www.hollandpalette.nl\/?page_id=16877"},"modified":"2024-08-15T15:32:10","modified_gmt":"2024-08-15T14:32:10","slug":"about-us","status":"publish","type":"page","link":"https:\/\/www.hollandpalette.nl\/es\/about-us\/","title":{"rendered":"Nuestra Empresa"},"content":{"rendered":"[blank_spacer height=\u00bb3px\u00bb width=\u00bb1\/1&#8243; el_position=\u00bbfirst last\u00bb] [spb_text_block pb_margin_bottom=\u00bbno\u00bb pb_border_bottom=\u00bbno\u00bb width=\u00bb1\/1&#8243; el_position=\u00bbfirst last\u00bb]\n<h1 style=\"text-align: center;\"><span style=\"color: #83c441;\">Sobre nosotros<br \/>\n<\/span><\/h1>\n<p>&nbsp;<\/p>\n<p>Desde 1998 Holland Palette se especializa en la organizaci\u00f3n de programas completos para grupos e individuales en los pa\u00edses del Benelux. Ofrecemos una gran variedad de hoteles; desde clase econ\u00f3mica hasta alojamiento de 5 estrellas. Hemos hecho una selecci\u00f3n de buenos restaurantes en la mayor\u00eda de las ciudades. Un equipo de 60 gu\u00edas est\u00e1 a su servicio para guiar a su grupo de una manera agradable, informativa y eficiente. Tambi\u00e9n organizamos reuniones y eventos festivos con entretenimiento. Tanto si prefiere un recorrido en autob\u00fas como en barco, en bicicleta o en tranv\u00eda, todo es posible. Escuchamos atentamente tus deseos y preparamos propuestas a medida. En Holland Palette reconocemos que la organizaci\u00f3n del tour debe ser perfecta. En estrecha colaboraci\u00f3n con usted.<\/p>\n<p>&nbsp;<\/p>\n[\/spb_text_block] [blank_spacer height=\u00bb60px\u00bb width=\u00bb1\/1&#8243; el_position=\u00bbfirst last\u00bb] [fullwidth_text alt_background=\u00bbalt-ten\u00bb el_class=\u00bbmb0 btw bb0 pb0 no-arrow\u00bb width=\u00bb1\/1&#8243; el_position=\u00bbfirst last\u00bb]\n<h1 style=\"text-align: center;\">5 Razones para elegir a Holland Palette como tu DMC<\/h1>\n<div class=\"one_third\">\n<div class=\"sf-icon-box sf-icon-box-boxed-two sf-animation sf-icon-\" data-animation=\"pop-up\" data-delay=\"100\"><div class=\"sf-icon-box-content-wrap clearfix\"><span class=\"sf-icon-character sf-icon sf-icon-float-none sf-icon-medium sf-icon-\">1<\/span><h3>Puedes contactarnos las 24 horas del dia, los 7 dias de la semana<\/h3><div class=\"sf-icon-box-content\"><br \/>\n<\/div><\/div><\/div><br \/>\n<\/div>\n<div class=\"one_third\">\n<div class=\"sf-icon-box sf-icon-box-boxed-two sf-animation sf-icon-\" data-animation=\"pop-up\" data-delay=\"200\"><div class=\"sf-icon-box-content-wrap clearfix\"><span class=\"sf-icon-character sf-icon sf-icon-float-none sf-icon-medium sf-icon-\">2<\/span><h3>Hablamos tu idioma<\/h3><div class=\"sf-icon-box-content\"><br \/>\n<\/div><\/div><\/div>\n<\/div>\n<div class=\"one_third last\">\n<div class=\"sf-icon-box sf-icon-box-boxed-two sf-animation sf-icon-\" data-animation=\"pop-up\" data-delay=\"400\"><div class=\"sf-icon-box-content-wrap clearfix\"><span class=\"sf-icon-character sf-icon sf-icon-float-none sf-icon-medium sf-icon-\">3<\/span><h3>Recibe una oferta en 24 horas<\/h3><div class=\"sf-icon-box-content\"><\/p>\n<p><\/div><\/div><\/div><br \/>\n<\/div><div class=\"clearboth\"><\/div>\n<div class=\"one_third\">\n<div class=\"sf-icon-box sf-icon-box-boxed-two sf-animation sf-icon-\" data-animation=\"pop-up\" data-delay=\"600\"><div class=\"sf-icon-box-content-wrap clearfix\"><span class=\"sf-icon-character sf-icon sf-icon-float-none sf-icon-medium sf-icon-\">4<\/span><h3>Su DMC experto en el Benelux<\/h3><div class=\"sf-icon-box-content\">\n<p><\/div><\/div><\/div><br \/>\n<\/div>\n<div class=\"one_third\">\n<div class=\"sf-icon-box sf-icon-box-boxed-two sf-animation sf-icon-\" data-animation=\"pop-up\" data-delay=\"800\"><div class=\"sf-icon-box-content-wrap clearfix\"><span class=\"sf-icon-character sf-icon sf-icon-float-none sf-icon-medium sf-icon-\">5<\/span><h3>Programas creativos y personalizados<\/h3><div class=\"sf-icon-box-content\"><\/p>\n<p><\/div><\/div><\/div><br \/>\n<\/div>\n<div class=\"one_third last\"><\/div><div class=\"clearboth\"><\/div>\n[\/fullwidth_text] [blank_spacer height=\u00bb44px\u00bb width=\u00bb1\/1&#8243; el_position=\u00bbfirst last\u00bb] [spb_text_block pb_margin_bottom=\u00bbno\u00bb pb_border_bottom=\u00bbno\u00bb width=\u00bb1\/1&#8243; el_position=\u00bbfirst last\u00bb]\n<h1 style=\"text-align: center;\"><strong><span style=\"color: #83c441;\">Listo para sumergirse en la temporada 2024.<\/span><\/strong><\/h1>\n<div class=\"horizontal-break\"> <\/div>\n<div class=\"one_third\">\n<p><a href=\"https:\/\/www.hollandpalette.nl\/wp-content\/uploads\/2024\/03\/Foto-groepsfoto.jpeg\"><img loading=\"lazy\" decoding=\"async\" class=\"alignnone size-medium wp-image-18698\" src=\"https:\/\/www.hollandpalette.nl\/wp-content\/uploads\/2024\/03\/Foto-groepsfoto-300x155.jpeg\" alt=\"\" width=\"300\" height=\"155\" srcset=\"https:\/\/www.hollandpalette.nl\/wp-content\/uploads\/2024\/03\/Foto-groepsfoto-300x155.jpeg 300w, https:\/\/www.hollandpalette.nl\/wp-content\/uploads\/2024\/03\/Foto-groepsfoto-1024x530.jpeg 1024w, https:\/\/www.hollandpalette.nl\/wp-content\/uploads\/2024\/03\/Foto-groepsfoto-768x398.jpeg 768w, https:\/\/www.hollandpalette.nl\/wp-content\/uploads\/2024\/03\/Foto-groepsfoto-1280x663.jpeg 1280w, https:\/\/www.hollandpalette.nl\/wp-content\/uploads\/2024\/03\/Foto-groepsfoto.jpeg 1417w\" sizes=\"auto, (max-width: 300px) 100vw, 300px\" \/><\/a><\/p>\n<\/div>\n<div class=\"two_third last\">\n<p>Salir de viaje con un gu\u00eda que sabe mucho es importante.<\/p>\n<p>Pero m\u00e1s importante a\u00fan es salir con un gu\u00eda que es sociable y as\u00ed los clientes disfrutaran de su viaje a Holanda.<\/p>\n<p>Este a\u00f1o, durante nuestra jornada anual de gu\u00edas, visitamos Tulip Experience Amsterdam, cerca de Keukenhof.<\/p>\n<p>Aprendimos mucho y lo pasamos muy bien.<\/p>\n<\/div><div class=\"clearboth\"><\/div>\n[\/spb_text_block] [blank_spacer height=\u00bb43px\u00bb width=\u00bb1\/1&#8243; el_position=\u00bbfirst last\u00bb] [spb_text_block pb_margin_bottom=\u00bbno\u00bb pb_border_bottom=\u00bbno\u00bb width=\u00bb1\/1&#8243; el_position=\u00bbfirst last\u00bb]\n<h1 style=\"text-align: center;\">\u00a0Lo que nuestros clientes dicen de nosotros<\/h1>\n[\/spb_text_block] [testimonial_slider text_size=\u00bbnormal\u00bb item_count=\u00bb6&#8243; order=\u00bbdate\u00bb category=\u00bbAll\u00bb autoplay=\u00bbyes\u00bb alt_background=\u00bbalt-eight\u00bb el_class=\u00bbmt0 bb0 bt0 no-arrow\u00bb width=\u00bb1\/1&#8243; el_position=\u00bbfirst last\u00bb]\n","protected":false},"excerpt":{"rendered":"<p>[blank_spacer height=\u00bb3px\u00bb width=\u00bb1\/1&#8243; el_position=\u00bbfirst last\u00bb] [spb_text_block pb_margin_bottom=\u00bbno\u00bb pb_border_bottom=\u00bbno\u00bb width=\u00bb1\/1&#8243; el_position=\u00bbfirst last\u00bb] Sobre nosotros &nbsp; Desde 1998 Holland Palette se especializa en la organizaci\u00f3n de programas completos para grupos e individuales en los pa\u00edses del Benelux. Ofrecemos una gran variedad de hoteles; desde clase econ\u00f3mica hasta alojamiento de 5 estrellas. Hemos hecho una selecci\u00f3n de buenos restaurantes en la mayor\u00eda de [&hellip;]<\/p>\n","protected":false},"author":4,"featured_media":0,"parent":0,"menu_order":0,"comment_status":"closed","ping_status":"closed","template":"","meta":{"_monsterinsights_skip_tracking":false,"_monsterinsights_sitenote_active":false,"_monsterinsights_sitenote_note":"","_monsterinsights_sitenote_category":0,"footnotes":""},"class_list":["post-16877","page","type-page","status-publish","hentry"],"yoast_head":"<!-- This site is optimized with the Yoast SEO plugin v26.5 - https:\/\/yoast.com\/wordpress\/plugins\/seo\/ -->\n<title>Nuestra Empresa - Holland Palette<\/title>\n<meta name=\"description\" content=\"Since 1998 Holland Palette specializes in organizing complete programs for groups and individuals in the Benelux countries\" \/>\n<meta name=\"robots\" content=\"index, follow, max-snippet:-1, max-image-preview:large, max-video-preview:-1\" \/>\n<link rel=\"canonical\" href=\"https:\/\/www.hollandpalette.nl\/es\/about-us\/\" \/>\n<meta property=\"og:locale\" content=\"es_ES\" \/>\n<meta property=\"og:type\" content=\"article\" \/>\n<meta property=\"og:title\" content=\"Nuestra Empresa - Holland Palette\" \/>\n<meta property=\"og:description\" content=\"Since 1998 Holland Palette specializes in organizing complete programs for groups and individuals in the Benelux countries\" \/>\n<meta property=\"og:url\" content=\"https:\/\/www.hollandpalette.nl\/es\/about-us\/\" \/>\n<meta property=\"og:site_name\" content=\"Holland Palette\" \/>\n<meta property=\"article:modified_time\" content=\"2024-08-15T14:32:10+00:00\" \/>\n<meta property=\"og:image\" content=\"https:\/\/www.hollandpalette.nl\/wp-content\/uploads\/2024\/03\/Foto-groepsfoto-300x155.jpeg\" \/>\n<meta name=\"twitter:card\" content=\"summary_large_image\" \/>\n<meta name=\"twitter:label1\" content=\"Tiempo de lectura\" \/>\n\t<meta name=\"twitter:data1\" content=\"2 minutos\" \/>\n<script type=\"application\/ld+json\" class=\"yoast-schema-graph\">{\"@context\":\"https:\/\/schema.org\",\"@graph\":[{\"@type\":\"WebPage\",\"@id\":\"https:\/\/www.hollandpalette.nl\/es\/about-us\/\",\"url\":\"https:\/\/www.hollandpalette.nl\/es\/about-us\/\",\"name\":\"Nuestra Empresa - Holland Palette\",\"isPartOf\":{\"@id\":\"https:\/\/www.hollandpalette.nl\/#website\"},\"primaryImageOfPage\":{\"@id\":\"https:\/\/www.hollandpalette.nl\/es\/about-us\/#primaryimage\"},\"image\":{\"@id\":\"https:\/\/www.hollandpalette.nl\/es\/about-us\/#primaryimage\"},\"thumbnailUrl\":\"https:\/\/www.hollandpalette.nl\/wp-content\/uploads\/2024\/03\/Foto-groepsfoto-300x155.jpeg\",\"datePublished\":\"2020-03-06T14:33:47+00:00\",\"dateModified\":\"2024-08-15T14:32:10+00:00\",\"description\":\"Since 1998 Holland Palette specializes in organizing complete programs for groups and individuals in the Benelux countries\",\"breadcrumb\":{\"@id\":\"https:\/\/www.hollandpalette.nl\/es\/about-us\/#breadcrumb\"},\"inLanguage\":\"es\",\"potentialAction\":[{\"@type\":\"ReadAction\",\"target\":[\"https:\/\/www.hollandpalette.nl\/es\/about-us\/\"]}]},{\"@type\":\"ImageObject\",\"inLanguage\":\"es\",\"@id\":\"https:\/\/www.hollandpalette.nl\/es\/about-us\/#primaryimage\",\"url\":\"https:\/\/www.hollandpalette.nl\/wp-content\/uploads\/2024\/03\/Foto-groepsfoto-300x155.jpeg\",\"contentUrl\":\"https:\/\/www.hollandpalette.nl\/wp-content\/uploads\/2024\/03\/Foto-groepsfoto-300x155.jpeg\"},{\"@type\":\"BreadcrumbList\",\"@id\":\"https:\/\/www.hollandpalette.nl\/es\/about-us\/#breadcrumb\",\"itemListElement\":[{\"@type\":\"ListItem\",\"position\":1,\"name\":\"Home\",\"item\":\"https:\/\/www.hollandpalette.nl\/es\/\"},{\"@type\":\"ListItem\",\"position\":2,\"name\":\"Nuestra Empresa\"}]},{\"@type\":\"WebSite\",\"@id\":\"https:\/\/www.hollandpalette.nl\/#website\",\"url\":\"https:\/\/www.hollandpalette.nl\/\",\"name\":\"Holland Palette\",\"description\":\"\",\"publisher\":{\"@id\":\"https:\/\/www.hollandpalette.nl\/#organization\"},\"potentialAction\":[{\"@type\":\"SearchAction\",\"target\":{\"@type\":\"EntryPoint\",\"urlTemplate\":\"https:\/\/www.hollandpalette.nl\/?s={search_term_string}\"},\"query-input\":{\"@type\":\"PropertyValueSpecification\",\"valueRequired\":true,\"valueName\":\"search_term_string\"}}],\"inLanguage\":\"es\"},{\"@type\":\"Organization\",\"@id\":\"https:\/\/www.hollandpalette.nl\/#organization\",\"name\":\"Holland Palette\",\"url\":\"https:\/\/www.hollandpalette.nl\/\",\"logo\":{\"@type\":\"ImageObject\",\"inLanguage\":\"es\",\"@id\":\"https:\/\/www.hollandpalette.nl\/#\/schema\/logo\/image\/\",\"url\":\"https:\/\/www.hollandpalette.nl\/wp-content\/uploads\/2014\/12\/Holland-Palette-logo-large-cut.jpg\",\"contentUrl\":\"https:\/\/www.hollandpalette.nl\/wp-content\/uploads\/2014\/12\/Holland-Palette-logo-large-cut.jpg\",\"width\":601,\"height\":616,\"caption\":\"Holland Palette\"},\"image\":{\"@id\":\"https:\/\/www.hollandpalette.nl\/#\/schema\/logo\/image\/\"}}]}<\/script>\n<!-- \/ Yoast SEO plugin. -->","yoast_head_json":{"title":"Nuestra Empresa - Holland Palette","description":"Since 1998 Holland Palette specializes in organizing complete programs for groups and individuals in the Benelux countries","robots":{"index":"index","follow":"follow","max-snippet":"max-snippet:-1","max-image-preview":"max-image-preview:large","max-video-preview":"max-video-preview:-1"},"canonical":"https:\/\/www.hollandpalette.nl\/es\/about-us\/","og_locale":"es_ES","og_type":"article","og_title":"Nuestra Empresa - Holland Palette","og_description":"Since 1998 Holland Palette specializes in organizing complete programs for groups and individuals in the Benelux countries","og_url":"https:\/\/www.hollandpalette.nl\/es\/about-us\/","og_site_name":"Holland Palette","article_modified_time":"2024-08-15T14:32:10+00:00","og_image":[{"url":"https:\/\/www.hollandpalette.nl\/wp-content\/uploads\/2024\/03\/Foto-groepsfoto-300x155.jpeg","type":"","width":"","height":""}],"twitter_card":"summary_large_image","twitter_misc":{"Tiempo de lectura":"2 minutos"},"schema":{"@context":"https:\/\/schema.org","@graph":[{"@type":"WebPage","@id":"https:\/\/www.hollandpalette.nl\/es\/about-us\/","url":"https:\/\/www.hollandpalette.nl\/es\/about-us\/","name":"Nuestra Empresa - Holland Palette","isPartOf":{"@id":"https:\/\/www.hollandpalette.nl\/#website"},"primaryImageOfPage":{"@id":"https:\/\/www.hollandpalette.nl\/es\/about-us\/#primaryimage"},"image":{"@id":"https:\/\/www.hollandpalette.nl\/es\/about-us\/#primaryimage"},"thumbnailUrl":"https:\/\/www.hollandpalette.nl\/wp-content\/uploads\/2024\/03\/Foto-groepsfoto-300x155.jpeg","datePublished":"2020-03-06T14:33:47+00:00","dateModified":"2024-08-15T14:32:10+00:00","description":"Since 1998 Holland Palette specializes in organizing complete programs for groups and individuals in the Benelux countries","breadcrumb":{"@id":"https:\/\/www.hollandpalette.nl\/es\/about-us\/#breadcrumb"},"inLanguage":"es","potentialAction":[{"@type":"ReadAction","target":["https:\/\/www.hollandpalette.nl\/es\/about-us\/"]}]},{"@type":"ImageObject","inLanguage":"es","@id":"https:\/\/www.hollandpalette.nl\/es\/about-us\/#primaryimage","url":"https:\/\/www.hollandpalette.nl\/wp-content\/uploads\/2024\/03\/Foto-groepsfoto-300x155.jpeg","contentUrl":"https:\/\/www.hollandpalette.nl\/wp-content\/uploads\/2024\/03\/Foto-groepsfoto-300x155.jpeg"},{"@type":"BreadcrumbList","@id":"https:\/\/www.hollandpalette.nl\/es\/about-us\/#breadcrumb","itemListElement":[{"@type":"ListItem","position":1,"name":"Home","item":"https:\/\/www.hollandpalette.nl\/es\/"},{"@type":"ListItem","position":2,"name":"Nuestra Empresa"}]},{"@type":"WebSite","@id":"https:\/\/www.hollandpalette.nl\/#website","url":"https:\/\/www.hollandpalette.nl\/","name":"Holland Palette","description":"","publisher":{"@id":"https:\/\/www.hollandpalette.nl\/#organization"},"potentialAction":[{"@type":"SearchAction","target":{"@type":"EntryPoint","urlTemplate":"https:\/\/www.hollandpalette.nl\/?s={search_term_string}"},"query-input":{"@type":"PropertyValueSpecification","valueRequired":true,"valueName":"search_term_string"}}],"inLanguage":"es"},{"@type":"Organization","@id":"https:\/\/www.hollandpalette.nl\/#organization","name":"Holland Palette","url":"https:\/\/www.hollandpalette.nl\/","logo":{"@type":"ImageObject","inLanguage":"es","@id":"https:\/\/www.hollandpalette.nl\/#\/schema\/logo\/image\/","url":"https:\/\/www.hollandpalette.nl\/wp-content\/uploads\/2014\/12\/Holland-Palette-logo-large-cut.jpg","contentUrl":"https:\/\/www.hollandpalette.nl\/wp-content\/uploads\/2014\/12\/Holland-Palette-logo-large-cut.jpg","width":601,"height":616,"caption":"Holland Palette"},"image":{"@id":"https:\/\/www.hollandpalette.nl\/#\/schema\/logo\/image\/"}}]}},"_links":{"self":[{"href":"https:\/\/www.hollandpalette.nl\/es\/wp-json\/wp\/v2\/pages\/16877\/"}],"collection":[{"href":"https:\/\/www.hollandpalette.nl\/es\/wp-json\/wp\/v2\/pages\/"}],"about":[{"href":"https:\/\/www.hollandpalette.nl\/es\/wp-json\/wp\/v2\/types\/page\/"}],"author":[{"embeddable":true,"href":"https:\/\/www.hollandpalette.nl\/es\/wp-json\/wp\/v2\/users\/4\/"}],"replies":[{"embeddable":true,"href":"https:\/\/www.hollandpalette.nl\/es\/wp-json\/wp\/v2\/comments\/?post=16877"}],"version-history":[{"count":10,"href":"https:\/\/www.hollandpalette.nl\/es\/wp-json\/wp\/v2\/pages\/16877\/revisions\/"}],"predecessor-version":[{"id":17283,"href":"https:\/\/www.hollandpalette.nl\/es\/wp-json\/wp\/v2\/pages\/16877\/revisions\/17283\/"}],"wp:attachment":[{"href":"https:\/\/www.hollandpalette.nl\/es\/wp-json\/wp\/v2\/media\/?parent=16877"}],"curies":[{"name":"wp","href":"https:\/\/api.w.org\/{rel}","templated":true}]}}