{"id":16959,"date":"2020-05-20T07:53:34","date_gmt":"2020-05-20T06:53:34","guid":{"rendered":"https:\/\/www.hollandpalette.nl\/valkering-incoming-cruises\/"},"modified":"2023-11-29T11:27:47","modified_gmt":"2023-11-29T10:27:47","slug":"valkering-incoming-cruises","status":"publish","type":"page","link":"https:\/\/www.hollandpalette.nl\/es\/valkering-incoming-cruises\/","title":{"rendered":"Valkering Incoming Cruises"},"content":{"rendered":"[spb_text_block pb_margin_bottom=\u00bbno\u00bb pb_border_bottom=\u00bbno\u00bb width=\u00bb1\/1&#8243; el_position=\u00bbfirst last\u00bb]\n<h1 style=\"text-align: center;\"><span style=\"color: #83c441;\">Valkering Incoming &amp; Cruises B.V.<\/span><\/h1>\n<p>&nbsp;<\/p>\n<div class=\"horizontal-break\"> <\/div>\n<div class=\"one_third\"><\/div>\n[\/spb_text_block] [spb_column width=\u00bb1\/4&#8243; el_position=\u00bbfirst\u00bb] [spb_text_block pb_margin_bottom=\u00bbno\u00bb pb_border_bottom=\u00bbno\u00bb width=\u00bb1\/1&#8243; el_position=\u00bbfirst last\u00bb]\n<p><a href=\"https:\/\/www.hollandpalette.nl\/wp-content\/uploads\/2020\/06\/foto.jpg\"><img loading=\"lazy\" decoding=\"async\" class=\"alignnone size-medium wp-image-16994\" src=\"https:\/\/www.hollandpalette.nl\/wp-content\/uploads\/2020\/06\/foto-300x154.jpg\" alt=\"\" width=\"300\" height=\"154\" srcset=\"https:\/\/www.hollandpalette.nl\/wp-content\/uploads\/2020\/06\/foto-300x154.jpg 300w, https:\/\/www.hollandpalette.nl\/wp-content\/uploads\/2020\/06\/foto.jpg 621w\" sizes=\"auto, (max-width: 300px) 100vw, 300px\" \/><\/a><\/p>\n[\/spb_text_block] [spb_text_block pb_margin_bottom=\u00bbno\u00bb pb_border_bottom=\u00bbno\u00bb width=\u00bb1\/1&#8243; el_position=\u00bbfirst last\u00bb]\n<p><a href=\"https:\/\/www.hollandpalette.nl\/wp-content\/uploads\/2020\/06\/thumbnail_logo.jpg\"><img loading=\"lazy\" decoding=\"async\" class=\"alignnone size-full wp-image-16990\" src=\"https:\/\/www.hollandpalette.nl\/wp-content\/uploads\/2020\/06\/thumbnail_logo.jpg\" alt=\"\" width=\"295\" height=\"153\" \/><\/a><\/p>\n[\/spb_text_block] [spb_text_block pb_margin_bottom=\u00bbno\u00bb pb_border_bottom=\u00bbno\u00bb width=\u00bb1\/1&#8243; el_position=\u00bbfirst last\u00bb]\n<h5>Toma nota que los siguientes datos de contacto no est\u00e1n m\u00e1s validos:<br \/>\nValkering Incoming &amp; Cruises B.V.<br \/>\nWandelweg 62<br \/>\n1521 AJ Wormerveer<\/h5>\n[\/spb_text_block] [\/spb_column] [spb_text_block pb_margin_bottom=\u00bbno\u00bb pb_border_bottom=\u00bbno\u00bb width=\u00bb3\/4&#8243; el_position=\u00bblast\u00bb]\n<p class=\"x_MsoNormal\" style=\"text-align: center;\"><span lang=\"ES\">Queremos informarles que desde septiembre 2019 Valkering Incoming &amp; Cruises B.V. ha iniciado una nueva colaboraci\u00f3n con Holland Palette.<\/span><\/p>\n<p class=\"x_MsoNormal\" style=\"text-align: center;\"><span lang=\"ES\">Nella Valkering ha dicho: \u201cPara Valkering Incoming &amp; cruises las personas de Holland Palette son nuestros queridos y muy confiables compa\u00f1eros que estan basados en La Haya y tienen un excelente equipo. Marianne, a qui\u00e9n conoc\u00e9is ya durante 21 a\u00f1os, ahora trabaja con ellos\u201d.<\/span><\/p>\n<p class=\"x_MsoNormal\" style=\"text-align: center;\"><span lang=\"ES\">Desafortunadamente, Nella Valkering ha decidido dejar de trabajar debido a ciertos problemas de salud. Nella Valkering ha dicho; \u201cMi salud me est\u00e1 dejando, as\u00ed que he decidido que ahora es el momento perfecto para que Holland Palette pueda continuar con nuestras actividades diarias. Vuestras peticiones ser\u00e1n tratadas de la misma forma que conoc\u00e9is durante los \u00faltimos a\u00f1os!\u201d.<\/span><\/p>\n<p class=\"x_MsoNormal\" style=\"text-align: center;\"><span lang=\"ES\">Holland Palette and Valkering Incoming &amp; Cruises trabajan ambos estrechamente con proveedores de alto nivel. Nuestro objetivo es cumplir los deseos de nuestros clientes con un toque personal y creativo. \u00a1Creemos firmemente\u00a0 en productos a la medida para realizar viajes m\u00e1s especiales!<\/span><\/p>\n<p class=\"x_MsoNormal\" style=\"text-align: center;\"><span lang=\"ES\">Valkering Incoming y Holland Palette tienen ambos una historia muy larga en el turismo receptivo para Holanda, B\u00e9lgica y Luxemburgo. \u00a1De esta manera los buenos servicios y experiencia de Valkering Incoming &amp; Cruises continuara para el futuro!<\/span><\/p>\n[\/spb_text_block] [fullwidth_text alt_background=\u00bbalt-ten\u00bb width=\u00bb1\/1&#8243; el_position=\u00bbfirst last\u00bb]\n<p class=\"x_MsoNormal\" style=\"text-align: center;\"><span lang=\"ES-TRAD\">No dude en contactarnos para m\u00e1s informaci\u00f3n:<\/span><\/p>\n[\/fullwidth_text] [spb_icon_box box_type=\u00bbstandard\u00bb image=\u00bbfas fa-envelope\u00bb color=\u00bbstandard\u00bb link=\u00bbmailto:marianne@hollandpalette.nl\u00bb target=\u00bb_self\u00bb animation=\u00bbnone\u00bb animation_delay=\u00bb0&#8243; width=\u00bb1\/3&#8243; el_position=\u00bbfirst\u00bb]\n<p>mail@hollandpalette.nl<\/p>\n[\/spb_icon_box] [spb_text_block pb_margin_bottom=\u00bbno\u00bb pb_border_bottom=\u00bbno\u00bb width=\u00bb1\/3&#8243;][\/spb_text_block] [spb_icon_box box_type=\u00bbstandard\u00bb image=\u00bbfas fa-phone-alt\u00bb color=\u00bbstandard\u00bb target=\u00bb_self\u00bb animation=\u00bbnone\u00bb animation_delay=\u00bb0&#8243; width=\u00bb1\/3&#8243; el_position=\u00bblast\u00bb]\n<p class=\"x_MsoNormal\" style=\"text-align: center;\"><span lang=\"IT\">0031 70 306 06 46<\/span><\/p>\n[\/spb_icon_box]\n","protected":false},"excerpt":{"rendered":"<p>[spb_text_block pb_margin_bottom=\u00bbno\u00bb pb_border_bottom=\u00bbno\u00bb width=\u00bb1\/1&#8243; el_position=\u00bbfirst last\u00bb] Valkering Incoming &amp; Cruises B.V. &nbsp; [\/spb_text_block] [spb_column width=\u00bb1\/4&#8243; el_position=\u00bbfirst\u00bb] [spb_text_block pb_margin_bottom=\u00bbno\u00bb pb_border_bottom=\u00bbno\u00bb width=\u00bb1\/1&#8243; el_position=\u00bbfirst last\u00bb] [\/spb_text_block] [spb_text_block pb_margin_bottom=\u00bbno\u00bb pb_border_bottom=\u00bbno\u00bb width=\u00bb1\/1&#8243; el_position=\u00bbfirst last\u00bb] [\/spb_text_block] [spb_text_block pb_margin_bottom=\u00bbno\u00bb pb_border_bottom=\u00bbno\u00bb width=\u00bb1\/1&#8243; el_position=\u00bbfirst last\u00bb] Toma nota que los siguientes datos de contacto no est\u00e1n m\u00e1s validos: Valkering Incoming &amp; Cruises B.V. Wandelweg 62 1521 AJ Wormerveer [\/spb_text_block] [\/spb_column] [&hellip;]<\/p>\n","protected":false},"author":3,"featured_media":0,"parent":0,"menu_order":0,"comment_status":"closed","ping_status":"closed","template":"","meta":{"_monsterinsights_skip_tracking":false,"_monsterinsights_sitenote_active":false,"_monsterinsights_sitenote_note":"","_monsterinsights_sitenote_category":0,"footnotes":""},"class_list":["post-16959","page","type-page","status-publish","hentry"],"yoast_head":"<!-- This site is optimized with the Yoast SEO plugin v26.5 - https:\/\/yoast.com\/wordpress\/plugins\/seo\/ -->\n<title>Valkering Incoming Cruises - Holland Palette<\/title>\n<meta name=\"description\" content=\"Valkering Incoming Cruises B.V. ha iniciado una colaboraci\u00f3n estrecha con Holland Palette. Holland Palette ha retomado todas las actividades diarias.\" \/>\n<meta name=\"robots\" content=\"index, follow, max-snippet:-1, max-image-preview:large, max-video-preview:-1\" \/>\n<link rel=\"canonical\" href=\"https:\/\/www.hollandpalette.nl\/es\/valkering-incoming-cruises\/\" \/>\n<meta property=\"og:locale\" content=\"es_ES\" \/>\n<meta property=\"og:type\" content=\"article\" \/>\n<meta property=\"og:title\" content=\"Valkering Incoming Cruises - Holland Palette\" \/>\n<meta property=\"og:description\" content=\"Valkering Incoming Cruises B.V. ha iniciado una colaboraci\u00f3n estrecha con Holland Palette. Holland Palette ha retomado todas las actividades diarias.\" \/>\n<meta property=\"og:url\" content=\"https:\/\/www.hollandpalette.nl\/es\/valkering-incoming-cruises\/\" \/>\n<meta property=\"og:site_name\" content=\"Holland Palette\" \/>\n<meta property=\"article:modified_time\" content=\"2023-11-29T10:27:47+00:00\" \/>\n<meta property=\"og:image\" content=\"https:\/\/www.hollandpalette.nl\/wp-content\/uploads\/2020\/06\/foto-300x154.jpg\" \/>\n<meta name=\"twitter:card\" content=\"summary_large_image\" \/>\n<meta name=\"twitter:label1\" content=\"Tiempo de lectura\" \/>\n\t<meta name=\"twitter:data1\" content=\"2 minutos\" \/>\n<script type=\"application\/ld+json\" class=\"yoast-schema-graph\">{\"@context\":\"https:\/\/schema.org\",\"@graph\":[{\"@type\":\"WebPage\",\"@id\":\"https:\/\/www.hollandpalette.nl\/es\/valkering-incoming-cruises\/\",\"url\":\"https:\/\/www.hollandpalette.nl\/es\/valkering-incoming-cruises\/\",\"name\":\"Valkering Incoming Cruises - Holland Palette\",\"isPartOf\":{\"@id\":\"https:\/\/www.hollandpalette.nl\/#website\"},\"primaryImageOfPage\":{\"@id\":\"https:\/\/www.hollandpalette.nl\/es\/valkering-incoming-cruises\/#primaryimage\"},\"image\":{\"@id\":\"https:\/\/www.hollandpalette.nl\/es\/valkering-incoming-cruises\/#primaryimage\"},\"thumbnailUrl\":\"https:\/\/www.hollandpalette.nl\/wp-content\/uploads\/2020\/06\/foto-300x154.jpg\",\"datePublished\":\"2020-05-20T06:53:34+00:00\",\"dateModified\":\"2023-11-29T10:27:47+00:00\",\"description\":\"Valkering Incoming Cruises B.V. ha iniciado una colaboraci\u00f3n estrecha con Holland Palette. Holland Palette ha retomado todas las actividades diarias.\",\"breadcrumb\":{\"@id\":\"https:\/\/www.hollandpalette.nl\/es\/valkering-incoming-cruises\/#breadcrumb\"},\"inLanguage\":\"es\",\"potentialAction\":[{\"@type\":\"ReadAction\",\"target\":[\"https:\/\/www.hollandpalette.nl\/es\/valkering-incoming-cruises\/\"]}]},{\"@type\":\"ImageObject\",\"inLanguage\":\"es\",\"@id\":\"https:\/\/www.hollandpalette.nl\/es\/valkering-incoming-cruises\/#primaryimage\",\"url\":\"https:\/\/www.hollandpalette.nl\/wp-content\/uploads\/2020\/06\/foto-300x154.jpg\",\"contentUrl\":\"https:\/\/www.hollandpalette.nl\/wp-content\/uploads\/2020\/06\/foto-300x154.jpg\"},{\"@type\":\"BreadcrumbList\",\"@id\":\"https:\/\/www.hollandpalette.nl\/es\/valkering-incoming-cruises\/#breadcrumb\",\"itemListElement\":[{\"@type\":\"ListItem\",\"position\":1,\"name\":\"Home\",\"item\":\"https:\/\/www.hollandpalette.nl\/es\/\"},{\"@type\":\"ListItem\",\"position\":2,\"name\":\"Valkering Incoming Cruises\"}]},{\"@type\":\"WebSite\",\"@id\":\"https:\/\/www.hollandpalette.nl\/#website\",\"url\":\"https:\/\/www.hollandpalette.nl\/\",\"name\":\"Holland Palette\",\"description\":\"\",\"publisher\":{\"@id\":\"https:\/\/www.hollandpalette.nl\/#organization\"},\"potentialAction\":[{\"@type\":\"SearchAction\",\"target\":{\"@type\":\"EntryPoint\",\"urlTemplate\":\"https:\/\/www.hollandpalette.nl\/?s={search_term_string}\"},\"query-input\":{\"@type\":\"PropertyValueSpecification\",\"valueRequired\":true,\"valueName\":\"search_term_string\"}}],\"inLanguage\":\"es\"},{\"@type\":\"Organization\",\"@id\":\"https:\/\/www.hollandpalette.nl\/#organization\",\"name\":\"Holland Palette\",\"url\":\"https:\/\/www.hollandpalette.nl\/\",\"logo\":{\"@type\":\"ImageObject\",\"inLanguage\":\"es\",\"@id\":\"https:\/\/www.hollandpalette.nl\/#\/schema\/logo\/image\/\",\"url\":\"https:\/\/www.hollandpalette.nl\/wp-content\/uploads\/2014\/12\/Holland-Palette-logo-large-cut.jpg\",\"contentUrl\":\"https:\/\/www.hollandpalette.nl\/wp-content\/uploads\/2014\/12\/Holland-Palette-logo-large-cut.jpg\",\"width\":601,\"height\":616,\"caption\":\"Holland Palette\"},\"image\":{\"@id\":\"https:\/\/www.hollandpalette.nl\/#\/schema\/logo\/image\/\"}}]}<\/script>\n<!-- \/ Yoast SEO plugin. -->","yoast_head_json":{"title":"Valkering Incoming Cruises - Holland Palette","description":"Valkering Incoming Cruises B.V. ha iniciado una colaboraci\u00f3n estrecha con Holland Palette. Holland Palette ha retomado todas las actividades diarias.","robots":{"index":"index","follow":"follow","max-snippet":"max-snippet:-1","max-image-preview":"max-image-preview:large","max-video-preview":"max-video-preview:-1"},"canonical":"https:\/\/www.hollandpalette.nl\/es\/valkering-incoming-cruises\/","og_locale":"es_ES","og_type":"article","og_title":"Valkering Incoming Cruises - Holland Palette","og_description":"Valkering Incoming Cruises B.V. ha iniciado una colaboraci\u00f3n estrecha con Holland Palette. Holland Palette ha retomado todas las actividades diarias.","og_url":"https:\/\/www.hollandpalette.nl\/es\/valkering-incoming-cruises\/","og_site_name":"Holland Palette","article_modified_time":"2023-11-29T10:27:47+00:00","og_image":[{"url":"https:\/\/www.hollandpalette.nl\/wp-content\/uploads\/2020\/06\/foto-300x154.jpg","type":"","width":"","height":""}],"twitter_card":"summary_large_image","twitter_misc":{"Tiempo de lectura":"2 minutos"},"schema":{"@context":"https:\/\/schema.org","@graph":[{"@type":"WebPage","@id":"https:\/\/www.hollandpalette.nl\/es\/valkering-incoming-cruises\/","url":"https:\/\/www.hollandpalette.nl\/es\/valkering-incoming-cruises\/","name":"Valkering Incoming Cruises - Holland Palette","isPartOf":{"@id":"https:\/\/www.hollandpalette.nl\/#website"},"primaryImageOfPage":{"@id":"https:\/\/www.hollandpalette.nl\/es\/valkering-incoming-cruises\/#primaryimage"},"image":{"@id":"https:\/\/www.hollandpalette.nl\/es\/valkering-incoming-cruises\/#primaryimage"},"thumbnailUrl":"https:\/\/www.hollandpalette.nl\/wp-content\/uploads\/2020\/06\/foto-300x154.jpg","datePublished":"2020-05-20T06:53:34+00:00","dateModified":"2023-11-29T10:27:47+00:00","description":"Valkering Incoming Cruises B.V. ha iniciado una colaboraci\u00f3n estrecha con Holland Palette. Holland Palette ha retomado todas las actividades diarias.","breadcrumb":{"@id":"https:\/\/www.hollandpalette.nl\/es\/valkering-incoming-cruises\/#breadcrumb"},"inLanguage":"es","potentialAction":[{"@type":"ReadAction","target":["https:\/\/www.hollandpalette.nl\/es\/valkering-incoming-cruises\/"]}]},{"@type":"ImageObject","inLanguage":"es","@id":"https:\/\/www.hollandpalette.nl\/es\/valkering-incoming-cruises\/#primaryimage","url":"https:\/\/www.hollandpalette.nl\/wp-content\/uploads\/2020\/06\/foto-300x154.jpg","contentUrl":"https:\/\/www.hollandpalette.nl\/wp-content\/uploads\/2020\/06\/foto-300x154.jpg"},{"@type":"BreadcrumbList","@id":"https:\/\/www.hollandpalette.nl\/es\/valkering-incoming-cruises\/#breadcrumb","itemListElement":[{"@type":"ListItem","position":1,"name":"Home","item":"https:\/\/www.hollandpalette.nl\/es\/"},{"@type":"ListItem","position":2,"name":"Valkering Incoming Cruises"}]},{"@type":"WebSite","@id":"https:\/\/www.hollandpalette.nl\/#website","url":"https:\/\/www.hollandpalette.nl\/","name":"Holland Palette","description":"","publisher":{"@id":"https:\/\/www.hollandpalette.nl\/#organization"},"potentialAction":[{"@type":"SearchAction","target":{"@type":"EntryPoint","urlTemplate":"https:\/\/www.hollandpalette.nl\/?s={search_term_string}"},"query-input":{"@type":"PropertyValueSpecification","valueRequired":true,"valueName":"search_term_string"}}],"inLanguage":"es"},{"@type":"Organization","@id":"https:\/\/www.hollandpalette.nl\/#organization","name":"Holland Palette","url":"https:\/\/www.hollandpalette.nl\/","logo":{"@type":"ImageObject","inLanguage":"es","@id":"https:\/\/www.hollandpalette.nl\/#\/schema\/logo\/image\/","url":"https:\/\/www.hollandpalette.nl\/wp-content\/uploads\/2014\/12\/Holland-Palette-logo-large-cut.jpg","contentUrl":"https:\/\/www.hollandpalette.nl\/wp-content\/uploads\/2014\/12\/Holland-Palette-logo-large-cut.jpg","width":601,"height":616,"caption":"Holland Palette"},"image":{"@id":"https:\/\/www.hollandpalette.nl\/#\/schema\/logo\/image\/"}}]}},"_links":{"self":[{"href":"https:\/\/www.hollandpalette.nl\/es\/wp-json\/wp\/v2\/pages\/16959\/"}],"collection":[{"href":"https:\/\/www.hollandpalette.nl\/es\/wp-json\/wp\/v2\/pages\/"}],"about":[{"href":"https:\/\/www.hollandpalette.nl\/es\/wp-json\/wp\/v2\/types\/page\/"}],"author":[{"embeddable":true,"href":"https:\/\/www.hollandpalette.nl\/es\/wp-json\/wp\/v2\/users\/3\/"}],"replies":[{"embeddable":true,"href":"https:\/\/www.hollandpalette.nl\/es\/wp-json\/wp\/v2\/comments\/?post=16959"}],"version-history":[{"count":10,"href":"https:\/\/www.hollandpalette.nl\/es\/wp-json\/wp\/v2\/pages\/16959\/revisions\/"}],"predecessor-version":[{"id":18589,"href":"https:\/\/www.hollandpalette.nl\/es\/wp-json\/wp\/v2\/pages\/16959\/revisions\/18589\/"}],"wp:attachment":[{"href":"https:\/\/www.hollandpalette.nl\/es\/wp-json\/wp\/v2\/media\/?parent=16959"}],"curies":[{"name":"wp","href":"https:\/\/api.w.org\/{rel}","templated":true}]}}