{"id":12228,"date":"2014-08-29T11:12:27","date_gmt":"2014-08-29T10:12:27","guid":{"rendered":"https:\/\/www.hollandpalette.nl\/home-2\/"},"modified":"2025-06-30T10:10:00","modified_gmt":"2025-06-30T09:10:00","slug":"accueil-2","status":"publish","type":"page","link":"https:\/\/www.hollandpalette.nl\/fr\/","title":{"rendered":"Accueil"},"content":{"rendered":"[spb_text_block pb_margin_bottom=\u00a0\u00bbno\u00a0\u00bb pb_border_bottom=\u00a0\u00bbno\u00a0\u00bb el_class=\u00a0\u00bbgreenheader\u00a0\u00bb width=\u00a0\u00bb1\/1&Prime; el_position=\u00a0\u00bbfirst last\u00a0\u00bb]\n<h1 style=\"text-align: center;\">D\u00e9couvrez les diff\u00e9rentes couleurs de Hollande et de Belgique!<\/h1>\n[\/spb_text_block] [spb_column width=\u00a0\u00bb1\/1&Prime; el_position=\u00a0\u00bbfirst last\u00a0\u00bb] [spb_text_block pb_margin_bottom=\u00a0\u00bbno\u00a0\u00bb pb_border_bottom=\u00a0\u00bbno\u00a0\u00bb width=\u00a0\u00bb1\/1&Prime; el_position=\u00a0\u00bbfirst last\u00a0\u00bb]\n<p>Holland Palette est un DMC sp\u00e9cialis\u00e9 dans la cr\u00e9ation de programmes touristiques complets en Hollande et en Belgique. Nul pays n\u2019est aussi color\u00e9 ni aussi diversifi\u00e9 que la Hollande et nul pays n\u2019est aussi cosmopolite et accueillant que la Belgique. Les champs de tulipes multicolores, les digues vertes, les toits rouges, les maisons vertes, les sabots jaunes et les gens tout en nuances\u2026 le d\u00e9cor id\u00e9al pour un voyage r\u00e9ussi. Nous vous proposons des id\u00e9es originales pour personnaliser et am\u00e9liorer vos programmes classiques. Que ce soit des visites <a href=\"https:\/\/www.hollandpalette.nl\/fr\/groups-special-interest\/\">touristiques,<\/a> des <a href=\"https:\/\/www.hollandpalette.nl\/fr\/incentives\/\">incentives<\/a> avec team building, des visites avec une <a href=\"https:\/\/www.hollandpalette.nl\/fr\/vip-individuals\/\">th\u00e9matique particuli\u00e8re<\/a>, nous inventerons le voyage qui donnera envie \u00e0 vos clients. En \u00e9troite collaboration avec vous, nous r\u00e9aliserons ensemble le voyage adapt\u00e9 \u00e0 vos clients. Bienvenue en Belgique et en Hollande\u00a0 et Bienvenue chez Holland Palette !<\/p>\n<p style=\"text-align: right;\">Martin Heida, Directeur de Holland Palette<\/p>\n<p><img loading=\"lazy\" decoding=\"async\" class=\"wp-image-14431 alignright\" src=\"https:\/\/www.hollandpalette.nl\/wp-content\/uploads\/2014\/08\/Handtekening-Martin-blauw-300x1511-300x151.jpg\" alt=\"Handtekening-Martin-blauw-300x151\" width=\"169\" height=\"85\" srcset=\"https:\/\/www.hollandpalette.nl\/wp-content\/uploads\/2014\/08\/Handtekening-Martin-blauw-300x1511.jpg 300w, https:\/\/www.hollandpalette.nl\/wp-content\/uploads\/2014\/08\/Handtekening-Martin-blauw-300x1511-31x16.jpg 31w\" sizes=\"auto, (max-width: 169px) 100vw, 169px\" \/><\/p>\n[\/spb_text_block] [fullwidth_text alt_background=\u00a0\u00bbnone\u00a0\u00bb width=\u00a0\u00bb1\/1&Prime; el_position=\u00a0\u00bbfirst last\u00a0\u00bb]\n<h2 style=\"text-align: center;\"><strong>Venez-nous rencontrer au stand T014<\/strong><\/h2>\n<h2 style=\"text-align: center;\"><strong><a href=\"https:\/\/www.hollandpalette.nl\/wp-content\/uploads\/2025\/06\/2025-Logo-IFTM.jpg\"><img loading=\"lazy\" decoding=\"async\" class=\"alignnone size-medium wp-image-19124\" src=\"https:\/\/www.hollandpalette.nl\/wp-content\/uploads\/2025\/06\/2025-Logo-IFTM-300x100.jpg\" alt=\"\" width=\"300\" height=\"100\" srcset=\"https:\/\/www.hollandpalette.nl\/wp-content\/uploads\/2025\/06\/2025-Logo-IFTM-300x100.jpg 300w, https:\/\/www.hollandpalette.nl\/wp-content\/uploads\/2025\/06\/2025-Logo-IFTM.jpg 389w\" sizes=\"auto, (max-width: 300px) 100vw, 300px\" \/><\/a><\/strong><\/h2>\n<h1 style=\"text-align: center;\"><em><strong><a href=\"https:\/\/www.hollandpalette.nl\/wp-content\/uploads\/2025\/06\/2025-IFTM.pdf\">Cliquez ici pour d\u00e9couvrir des nouveaut\u00e9s <\/a><\/strong><\/em><\/h1>\n<h1 style=\"text-align: center;\"><em><strong><a href=\"https:\/\/www.hollandpalette.nl\/wp-content\/uploads\/2025\/06\/2025-IFTM.pdf\">aux Pays-Bas et en Belgique!\u00a0<\/a><\/strong><\/em><\/h1>\n[\/fullwidth_text] [\/spb_column] [spb_text_block pb_margin_bottom=\u00a0\u00bbno\u00a0\u00bb pb_border_bottom=\u00a0\u00bbno\u00a0\u00bb el_class=\u00a0\u00bbgreenheader\u00a0\u00bb width=\u00a0\u00bb1\/3&Prime; el_position=\u00a0\u00bbfirst\u00a0\u00bb]\n<h1 style=\"text-align: center;\"><img loading=\"lazy\" decoding=\"async\" class=\"alignnone wp-image-12250 size-full\" src=\"https:\/\/www.hollandpalette.nl\/wp-content\/uploads\/2014\/08\/wafel.png\" alt=\"\" width=\"141\" height=\"102\" \/><\/h1>\n<h1 style=\"text-align: center;\">VIP et Individuels<\/h1>\n<div class=\"page\" title=\"Page 2\">\n<div class=\"section\">\n<div class=\"layoutArea\">\n<div class=\"column\">\n<h3 style=\"text-align: center;\">Des programmes sur mesure pour une client\u00e8le d&rsquo;\u00e9lite<\/h3>\n<\/div>\n<\/div>\n<\/div>\n<\/div>\n[\/spb_text_block] [spb_text_block pb_margin_bottom=\u00a0\u00bbno\u00a0\u00bb pb_border_bottom=\u00a0\u00bbno\u00a0\u00bb el_class=\u00a0\u00bbgreenheader\u00a0\u00bb width=\u00a0\u00bb1\/3&Prime;]\n<h1 style=\"text-align: center;\"><a href=\"https:\/\/www.hollandpalette.nl\/wp-content\/uploads\/2014\/08\/kaas.png\"><img loading=\"lazy\" decoding=\"async\" class=\"alignnone wp-image-12248 size-full\" src=\"https:\/\/www.hollandpalette.nl\/wp-content\/uploads\/2014\/08\/kaas.png\" alt=\"\" width=\"141\" height=\"102\" \/><\/a><\/h1>\n<h1 style=\"text-align: center;\">\u00ab\u00a0Les Palette Plus\u00a0\u00bb<\/h1>\n<h3 style=\"text-align: center;\">Des programmes ou activit\u00e9s color\u00e9s !<\/h3>\n<p>&nbsp;<\/p>\n[\/spb_text_block] [spb_text_block pb_margin_bottom=\u00a0\u00bbno\u00a0\u00bb pb_border_bottom=\u00a0\u00bbno\u00a0\u00bb el_class=\u00a0\u00bbgreenheader\u00a0\u00bb width=\u00a0\u00bb1\/3&Prime; el_position=\u00a0\u00bblast\u00a0\u00bb]\n<h1 style=\"text-align: center;\"><a href=\"https:\/\/www.hollandpalette.nl\/wp-content\/uploads\/2014\/08\/klompen.png\"><img loading=\"lazy\" decoding=\"async\" class=\"alignnone wp-image-12249 size-full\" src=\"https:\/\/www.hollandpalette.nl\/wp-content\/uploads\/2014\/08\/klompen.png\" alt=\"\" width=\"141\" height=\"102\" \/><\/a><\/h1>\n<h1 style=\"text-align: center;\">Groupes et th\u00e9matiques<\/h1>\n<h3 style=\"text-align: center;\">Nos programmes sp\u00e9ciaux pour les groupes<\/h3>\n[\/spb_text_block] [spb_row row_bg_type=\u00a0\u00bbimage\u00a0\u00bb parallax_image_height=\u00a0\u00bbcontent-height\u00a0\u00bb parallax_image_movement=\u00a0\u00bbfixed\u00a0\u00bb parallax_image_speed=\u00a0\u00bb0.5&Prime; parallax_video_height=\u00a0\u00bbwindow-height\u00a0\u00bb parallax_video_overlay=\u00a0\u00bbnone\u00a0\u00bb row_overlay_opacity=\u00a0\u00bb0&Prime; width=\u00a0\u00bb1\/1&Prime; el_position=\u00a0\u00bbfirst last\u00a0\u00bb] [spb_text_block pb_margin_bottom=\u00a0\u00bbno\u00a0\u00bb pb_border_bottom=\u00a0\u00bbno\u00a0\u00bb width=\u00a0\u00bb1\/3&Prime; el_position=\u00a0\u00bbfirst\u00a0\u00bb]\n<p style=\"text-align: center;\"><a class=\"sf-button standard white standard home-triplets-button\" href=\"https:\/\/www.hollandpalette.nl\/fr\/vip-individuals\/\" target=\"_self\"><span class=\"text\">En savoir plus<\/span><\/a><\/p>\n[\/spb_text_block] [spb_text_block pb_margin_bottom=\u00a0\u00bbno\u00a0\u00bb pb_border_bottom=\u00a0\u00bbno\u00a0\u00bb width=\u00a0\u00bb1\/3&Prime;]\n<p style=\"text-align: center;\"><a class=\"sf-button standard white standard home-triplets-button\" href=\"https:\/\/www.hollandpalette.nl\/fr\/incentives\/\" target=\"_self\"><span class=\"text\">En savoir plus<\/span><\/a><\/p>\n[\/spb_text_block] [spb_text_block pb_margin_bottom=\u00a0\u00bbno\u00a0\u00bb pb_border_bottom=\u00a0\u00bbno\u00a0\u00bb width=\u00a0\u00bb1\/3&Prime; el_position=\u00a0\u00bblast\u00a0\u00bb]\n<p style=\"text-align: center;\"><a class=\"sf-button standard white standard home-triplets-button\" href=\"https:\/\/www.hollandpalette.nl\/fr\/groups-special-interest\/\" target=\"_self\"><span class=\"text\">En savoir plus<\/span><\/a><\/p>\n[\/spb_text_block] [\/spb_row] [testimonial_slider text_size=\u00a0\u00bbnormal\u00a0\u00bb item_count=\u00a0\u00bb6&Prime; order=\u00a0\u00bbrand\u00a0\u00bb category=\u00a0\u00bbhometestimonials-eng-fr\u00a0\u00bb autoplay=\u00a0\u00bbyes\u00a0\u00bb alt_background=\u00a0\u00bbalt-eight\u00a0\u00bb width=\u00a0\u00bb1\/1&Prime; el_position=\u00a0\u00bbfirst last\u00a0\u00bb] [blank_spacer height=\u00a0\u00bb30px\u00a0\u00bb width=\u00a0\u00bb1\/1&Prime; el_position=\u00a0\u00bbfirst last\u00a0\u00bb] [spb_row wrap_type=\u00a0\u00bbcontent-width\u00a0\u00bb row_bg_type=\u00a0\u00bbcolor\u00a0\u00bb color_row_height=\u00a0\u00bbcontent-height\u00a0\u00bb bg_type=\u00a0\u00bbcover\u00a0\u00bb parallax_image_height=\u00a0\u00bbcontent-height\u00a0\u00bb parallax_image_movement=\u00a0\u00bbfixed\u00a0\u00bb parallax_image_speed=\u00a0\u00bb0.5&Prime; parallax_video_height=\u00a0\u00bbwindow-height\u00a0\u00bb parallax_video_overlay=\u00a0\u00bbnone\u00a0\u00bb row_overlay_opacity=\u00a0\u00bb0&Prime; row_padding_vertical=\u00a0\u00bb0&Prime; row_padding_horizontal=\u00a0\u00bb0&Prime; row_margin_vertical=\u00a0\u00bb0&Prime; remove_element_spacing=\u00a0\u00bbno\u00a0\u00bb inner_column_height=\u00a0\u00bbcol-natural\u00a0\u00bb width=\u00a0\u00bb1\/1&Prime; el_position=\u00a0\u00bbfirst last\u00a0\u00bb] [spb_text_block pb_margin_bottom=\u00a0\u00bbno\u00a0\u00bb pb_border_bottom=\u00a0\u00bbno\u00a0\u00bb width=\u00a0\u00bb1\/1&Prime; el_position=\u00a0\u00bbfirst last\u00a0\u00bb]\n<h1>Les raisons de choisir Holland Palette<\/h1>\n[\/spb_text_block] [spb_text_block pb_margin_bottom=\u00a0\u00bbno\u00a0\u00bb pb_border_bottom=\u00a0\u00bbno\u00a0\u00bb width=\u00a0\u00bb1\/2&Prime; el_position=\u00a0\u00bbfirst\u00a0\u00bb]\n<h3>\u2192 Nous sommes joignables 24\/24<\/h3>\n<h3>\u2192 Nous parlons votre langue<\/h3>\n<h3>\u2192 Une r\u00e9ponse de notre part est garantie sous 48 heures<\/h3>\n<h3>\u2192 Nous sommes vos experts aux Pays-Bas, en Belgique et au Luxembourg<\/h3>\n<h3>\u2192 Nous vous cr\u00e9erons vos programmes sur mesure<\/h3>\n[\/spb_text_block] [spb_icon_box box_type=\u00a0\u00bbstandard\u00a0\u00bb image=\u00a0\u00bbfas fa-envelope\u00a0\u00bb color=\u00a0\u00bbstandard\u00a0\u00bb link=\u00a0\u00bbmailto:mail@hollandpalette.nl\u00a0\u00bb target=\u00a0\u00bb_self\u00a0\u00bb animation=\u00a0\u00bbnone\u00a0\u00bb animation_delay=\u00a0\u00bb0&Prime; width=\u00a0\u00bb1\/4&Prime;]\n<h3 style=\"text-align: center;\"><a href=\"mailto:mail@hollandpalette.nl\">mail@hollandpalette.nl<\/a><\/h3>\n[\/spb_icon_box] [spb_icon_box box_type=\u00a0\u00bbstandard\u00a0\u00bb image=\u00a0\u00bbfas fa-phone-alt\u00a0\u00bb color=\u00a0\u00bbaccent\u00a0\u00bb target=\u00a0\u00bb_self\u00a0\u00bb animation=\u00a0\u00bbnone\u00a0\u00bb animation_delay=\u00a0\u00bb0&Prime; width=\u00a0\u00bb1\/4&Prime; el_position=\u00a0\u00bblast\u00a0\u00bb]\n<h3>+31 70 306 06 46<\/h3>\n[\/spb_icon_box] [\/spb_row] [blank_spacer height=\u00a0\u00bb30px\u00a0\u00bb width=\u00a0\u00bb1\/1&Prime; el_position=\u00a0\u00bbfirst last\u00a0\u00bb] [spb_parallax parallax_type=\u00a0\u00bbimage\u00a0\u00bb bg_image=\u00a0\u00bb12218&Prime; bg_type=\u00a0\u00bbcover\u00a0\u00bb parallax_video_height=\u00a0\u00bbvideo-height\u00a0\u00bb parallax_video_overlay=\u00a0\u00bbnone\u00a0\u00bb parallax_image_height=\u00a0\u00bbcontent-height\u00a0\u00bb parallax_image_movement=\u00a0\u00bbfixed\u00a0\u00bb parallax_image_speed=\u00a0\u00bb0.5&Prime; padding_horizontal=\u00a0\u00bb15&Prime; alt_background=\u00a0\u00bbnone\u00a0\u00bb width=\u00a0\u00bb1\/1&Prime; el_position=\u00a0\u00bbfirst last\u00a0\u00bb]\n<p>&nbsp;<\/p>\n[\/spb_parallax] [spb_row wrap_type=\u00a0\u00bbcontent-width\u00a0\u00bb row_bg_type=\u00a0\u00bbcolor\u00a0\u00bb row_bg_color=\u00a0\u00bb#83c441&Prime; color_row_height=\u00a0\u00bbcontent-height\u00a0\u00bb bg_type=\u00a0\u00bbcover\u00a0\u00bb parallax_image_height=\u00a0\u00bbcontent-height\u00a0\u00bb parallax_image_movement=\u00a0\u00bbfixed\u00a0\u00bb parallax_image_speed=\u00a0\u00bb0.5&Prime; parallax_video_height=\u00a0\u00bbwindow-height\u00a0\u00bb parallax_video_overlay=\u00a0\u00bbnone\u00a0\u00bb row_overlay_opacity=\u00a0\u00bb0&Prime; row_padding_vertical=\u00a0\u00bb30&Prime; row_padding_horizontal=\u00a0\u00bb0&Prime; row_margin_vertical=\u00a0\u00bb30&Prime; remove_element_spacing=\u00a0\u00bbno\u00a0\u00bb inner_column_height=\u00a0\u00bbcol-natural\u00a0\u00bb row_el_class=\u00a0\u00bbsubscriberow\u00a0\u00bb width=\u00a0\u00bb1\/1&Prime; el_position=\u00a0\u00bbfirst last\u00a0\u00bb] [spb_text_block pb_margin_bottom=\u00a0\u00bbno\u00a0\u00bb pb_border_bottom=\u00a0\u00bbno\u00a0\u00bb width=\u00a0\u00bb1\/1&Prime; el_position=\u00a0\u00bbfirst last\u00a0\u00bb]\n\n<div class=\"wpcf7 no-js\" id=\"wpcf7-f13924-o1\" lang=\"en-US\" dir=\"ltr\" data-wpcf7-id=\"13924\">\n<div class=\"screen-reader-response\"><p role=\"status\" aria-live=\"polite\" aria-atomic=\"true\"><\/p> <ul><\/ul><\/div>\n<form action=\"\/fr\/wp-json\/wp\/v2\/pages\/12228\/#wpcf7-f13924-o1\" method=\"post\" class=\"wpcf7-form init\" aria-label=\"Contact form\" novalidate=\"novalidate\" data-status=\"init\">\n<div style=\"display: none;\">\n<input type=\"hidden\" name=\"_wpcf7\" value=\"13924\" \/>\n<input type=\"hidden\" name=\"_wpcf7_version\" value=\"6.0.5\" \/>\n<input type=\"hidden\" name=\"_wpcf7_locale\" value=\"en_US\" \/>\n<input type=\"hidden\" name=\"_wpcf7_unit_tag\" value=\"wpcf7-f13924-o1\" \/>\n<input type=\"hidden\" name=\"_wpcf7_container_post\" value=\"0\" \/>\n<input type=\"hidden\" name=\"_wpcf7_posted_data_hash\" value=\"\" \/>\n<\/div>\n<table class=\"subscribeform\">\n\t<tr>\n\t\t<td class=\"headtd\" colspan=5>\n\t\t\t<p>Nous vous tiendrons au courant des derni\u00e8res actualit\u00e9s et offres dans notre newsletter\n\t\t\t<\/p>\n\t\t<\/td>\n\t<\/tr>\n\t<tr>\n\t\t<td>\n\t\t\t<p>Nom\n\t\t\t<\/p>\n\t\t<\/td>\n\t\t<td>\n\t\t\t<p><span class=\"wpcf7-form-control-wrap\" data-name=\"your-name\"><input size=\"40\" maxlength=\"400\" class=\"wpcf7-form-control wpcf7-text wpcf7-validates-as-required\" aria-required=\"true\" aria-invalid=\"false\" value=\"\" type=\"text\" name=\"your-name\" \/><\/span>\n\t\t\t<\/p>\n\t\t<\/td>\n\t\t<td>\n\t\t\t<p>Email\n\t\t\t<\/p>\n\t\t<\/td>\n\t\t<td>\n\t\t\t<p><span class=\"wpcf7-form-control-wrap\" data-name=\"your-email\"><input size=\"40\" maxlength=\"400\" class=\"wpcf7-form-control wpcf7-email wpcf7-validates-as-required wpcf7-text wpcf7-validates-as-email\" aria-required=\"true\" aria-invalid=\"false\" value=\"\" type=\"email\" name=\"your-email\" \/><\/span>\n\t\t\t<\/p>\n\t\t<\/td>\n\t\t<td>\n\t\t\t<p><input class=\"wpcf7-form-control wpcf7-submit has-spinner\" type=\"submit\" value=\"S&#039;abonner\" \/>\n\t\t\t<\/p>\n\t\t<\/td>\n\t<\/tr>\n<\/table><p style=\"display: none !important;\" class=\"akismet-fields-container\" data-prefix=\"_wpcf7_ak_\"><label>&#916;<textarea name=\"_wpcf7_ak_hp_textarea\" cols=\"45\" rows=\"8\" maxlength=\"100\"><\/textarea><\/label><input type=\"hidden\" id=\"ak_js_1\" name=\"_wpcf7_ak_js\" value=\"72\"\/><script>document.getElementById( \"ak_js_1\" ).setAttribute( \"value\", ( new Date() ).getTime() );<\/script><\/p><div class=\"wpcf7-response-output\" aria-hidden=\"true\"><\/div>\n<\/form>\n<\/div>\n\n[\/spb_text_block] [\/spb_row]\n","protected":false},"excerpt":{"rendered":"<p>[spb_text_block pb_margin_bottom=\u00a0\u00bbno\u00a0\u00bb pb_border_bottom=\u00a0\u00bbno\u00a0\u00bb el_class=\u00a0\u00bbgreenheader\u00a0\u00bb width=\u00a0\u00bb1\/1&Prime; el_position=\u00a0\u00bbfirst last\u00a0\u00bb] D\u00e9couvrez les diff\u00e9rentes couleurs de Hollande et de Belgique! [\/spb_text_block] [spb_column width=\u00a0\u00bb1\/1&Prime; el_position=\u00a0\u00bbfirst last\u00a0\u00bb] [spb_text_block pb_margin_bottom=\u00a0\u00bbno\u00a0\u00bb pb_border_bottom=\u00a0\u00bbno\u00a0\u00bb width=\u00a0\u00bb1\/1&Prime; el_position=\u00a0\u00bbfirst last\u00a0\u00bb] Holland Palette est un DMC sp\u00e9cialis\u00e9 dans la cr\u00e9ation de programmes touristiques complets en Hollande et en Belgique. Nul pays n\u2019est aussi color\u00e9 ni aussi diversifi\u00e9 que la Hollande et nul pays n\u2019est [&hellip;]<\/p>\n","protected":false},"author":3,"featured_media":0,"parent":0,"menu_order":0,"comment_status":"closed","ping_status":"closed","template":"","meta":{"_monsterinsights_skip_tracking":false,"_monsterinsights_sitenote_active":false,"_monsterinsights_sitenote_note":"","_monsterinsights_sitenote_category":0,"footnotes":""},"class_list":["post-12228","page","type-page","status-publish","hentry"],"yoast_head":"<!-- This site is optimized with the Yoast SEO plugin v26.5 - https:\/\/yoast.com\/wordpress\/plugins\/seo\/ -->\n<title>Accueil - Holland Palette<\/title>\n<meta name=\"robots\" content=\"index, follow, max-snippet:-1, max-image-preview:large, max-video-preview:-1\" \/>\n<link rel=\"canonical\" href=\"https:\/\/www.hollandpalette.nl\/fr\/\" \/>\n<meta property=\"og:locale\" content=\"fr_FR\" \/>\n<meta property=\"og:type\" content=\"article\" \/>\n<meta property=\"og:title\" content=\"Accueil - Holland Palette\" \/>\n<meta property=\"og:description\" content=\"[spb_text_block pb_margin_bottom=\u00a0\u00bbno\u00a0\u00bb pb_border_bottom=\u00a0\u00bbno\u00a0\u00bb el_class=\u00a0\u00bbgreenheader\u00a0\u00bb width=\u00a0\u00bb1\/1&Prime; el_position=\u00a0\u00bbfirst last\u00a0\u00bb] D\u00e9couvrez les diff\u00e9rentes couleurs de Hollande et de Belgique! [\/spb_text_block] [spb_column width=\u00a0\u00bb1\/1&Prime; el_position=\u00a0\u00bbfirst last\u00a0\u00bb] [spb_text_block pb_margin_bottom=\u00a0\u00bbno\u00a0\u00bb pb_border_bottom=\u00a0\u00bbno\u00a0\u00bb width=\u00a0\u00bb1\/1&Prime; el_position=\u00a0\u00bbfirst last\u00a0\u00bb] Holland Palette est un DMC sp\u00e9cialis\u00e9 dans la cr\u00e9ation de programmes touristiques complets en Hollande et en Belgique. Nul pays n\u2019est aussi color\u00e9 ni aussi diversifi\u00e9 que la Hollande et nul pays n\u2019est [&hellip;]\" \/>\n<meta property=\"og:url\" content=\"https:\/\/www.hollandpalette.nl\/fr\/\" \/>\n<meta property=\"og:site_name\" content=\"Holland Palette\" \/>\n<meta property=\"article:modified_time\" content=\"2025-06-30T09:10:00+00:00\" \/>\n<meta property=\"og:image\" content=\"https:\/\/www.hollandpalette.nl\/wp-content\/uploads\/2014\/08\/Handtekening-Martin-blauw-300x1511.jpg\" \/>\n\t<meta property=\"og:image:width\" content=\"300\" \/>\n\t<meta property=\"og:image:height\" content=\"151\" \/>\n\t<meta property=\"og:image:type\" content=\"image\/jpeg\" \/>\n<meta name=\"twitter:card\" content=\"summary_large_image\" \/>\n<meta name=\"twitter:label1\" content=\"Dur\u00e9e de lecture estim\u00e9e\" \/>\n\t<meta name=\"twitter:data1\" content=\"4 minutes\" \/>\n<script type=\"application\/ld+json\" class=\"yoast-schema-graph\">{\"@context\":\"https:\/\/schema.org\",\"@graph\":[{\"@type\":\"WebPage\",\"@id\":\"https:\/\/www.hollandpalette.nl\/fr\/\",\"url\":\"https:\/\/www.hollandpalette.nl\/fr\/\",\"name\":\"Accueil - Holland Palette\",\"isPartOf\":{\"@id\":\"https:\/\/www.hollandpalette.nl\/#website\"},\"primaryImageOfPage\":{\"@id\":\"https:\/\/www.hollandpalette.nl\/fr\/#primaryimage\"},\"image\":{\"@id\":\"https:\/\/www.hollandpalette.nl\/fr\/#primaryimage\"},\"thumbnailUrl\":\"https:\/\/www.hollandpalette.nl\/wp-content\/uploads\/2014\/08\/Handtekening-Martin-blauw-300x1511-300x151.jpg\",\"datePublished\":\"2014-08-29T10:12:27+00:00\",\"dateModified\":\"2025-06-30T09:10:00+00:00\",\"breadcrumb\":{\"@id\":\"https:\/\/www.hollandpalette.nl\/fr\/#breadcrumb\"},\"inLanguage\":\"fr-FR\",\"potentialAction\":[{\"@type\":\"ReadAction\",\"target\":[\"https:\/\/www.hollandpalette.nl\/fr\/\"]}]},{\"@type\":\"ImageObject\",\"inLanguage\":\"fr-FR\",\"@id\":\"https:\/\/www.hollandpalette.nl\/fr\/#primaryimage\",\"url\":\"https:\/\/www.hollandpalette.nl\/wp-content\/uploads\/2014\/08\/Handtekening-Martin-blauw-300x1511-300x151.jpg\",\"contentUrl\":\"https:\/\/www.hollandpalette.nl\/wp-content\/uploads\/2014\/08\/Handtekening-Martin-blauw-300x1511-300x151.jpg\"},{\"@type\":\"BreadcrumbList\",\"@id\":\"https:\/\/www.hollandpalette.nl\/fr\/#breadcrumb\",\"itemListElement\":[{\"@type\":\"ListItem\",\"position\":1,\"name\":\"Home\",\"item\":\"https:\/\/www.hollandpalette.nl\/fr\/\"},{\"@type\":\"ListItem\",\"position\":2,\"name\":\"Accueil\"}]},{\"@type\":\"WebSite\",\"@id\":\"https:\/\/www.hollandpalette.nl\/#website\",\"url\":\"https:\/\/www.hollandpalette.nl\/\",\"name\":\"Holland Palette\",\"description\":\"\",\"publisher\":{\"@id\":\"https:\/\/www.hollandpalette.nl\/#organization\"},\"potentialAction\":[{\"@type\":\"SearchAction\",\"target\":{\"@type\":\"EntryPoint\",\"urlTemplate\":\"https:\/\/www.hollandpalette.nl\/?s={search_term_string}\"},\"query-input\":{\"@type\":\"PropertyValueSpecification\",\"valueRequired\":true,\"valueName\":\"search_term_string\"}}],\"inLanguage\":\"fr-FR\"},{\"@type\":\"Organization\",\"@id\":\"https:\/\/www.hollandpalette.nl\/#organization\",\"name\":\"Holland Palette\",\"url\":\"https:\/\/www.hollandpalette.nl\/\",\"logo\":{\"@type\":\"ImageObject\",\"inLanguage\":\"fr-FR\",\"@id\":\"https:\/\/www.hollandpalette.nl\/#\/schema\/logo\/image\/\",\"url\":\"https:\/\/www.hollandpalette.nl\/wp-content\/uploads\/2014\/12\/Holland-Palette-logo-large-cut.jpg\",\"contentUrl\":\"https:\/\/www.hollandpalette.nl\/wp-content\/uploads\/2014\/12\/Holland-Palette-logo-large-cut.jpg\",\"width\":601,\"height\":616,\"caption\":\"Holland Palette\"},\"image\":{\"@id\":\"https:\/\/www.hollandpalette.nl\/#\/schema\/logo\/image\/\"}}]}<\/script>\n<!-- \/ Yoast SEO plugin. -->","yoast_head_json":{"title":"Accueil - Holland Palette","robots":{"index":"index","follow":"follow","max-snippet":"max-snippet:-1","max-image-preview":"max-image-preview:large","max-video-preview":"max-video-preview:-1"},"canonical":"https:\/\/www.hollandpalette.nl\/fr\/","og_locale":"fr_FR","og_type":"article","og_title":"Accueil - Holland Palette","og_description":"[spb_text_block pb_margin_bottom=\u00a0\u00bbno\u00a0\u00bb pb_border_bottom=\u00a0\u00bbno\u00a0\u00bb el_class=\u00a0\u00bbgreenheader\u00a0\u00bb width=\u00a0\u00bb1\/1&Prime; el_position=\u00a0\u00bbfirst last\u00a0\u00bb] D\u00e9couvrez les diff\u00e9rentes couleurs de Hollande et de Belgique! [\/spb_text_block] [spb_column width=\u00a0\u00bb1\/1&Prime; el_position=\u00a0\u00bbfirst last\u00a0\u00bb] [spb_text_block pb_margin_bottom=\u00a0\u00bbno\u00a0\u00bb pb_border_bottom=\u00a0\u00bbno\u00a0\u00bb width=\u00a0\u00bb1\/1&Prime; el_position=\u00a0\u00bbfirst last\u00a0\u00bb] Holland Palette est un DMC sp\u00e9cialis\u00e9 dans la cr\u00e9ation de programmes touristiques complets en Hollande et en Belgique. Nul pays n\u2019est aussi color\u00e9 ni aussi diversifi\u00e9 que la Hollande et nul pays n\u2019est [&hellip;]","og_url":"https:\/\/www.hollandpalette.nl\/fr\/","og_site_name":"Holland Palette","article_modified_time":"2025-06-30T09:10:00+00:00","og_image":[{"width":300,"height":151,"url":"https:\/\/www.hollandpalette.nl\/wp-content\/uploads\/2014\/08\/Handtekening-Martin-blauw-300x1511.jpg","type":"image\/jpeg"}],"twitter_card":"summary_large_image","twitter_misc":{"Dur\u00e9e de lecture estim\u00e9e":"4 minutes"},"schema":{"@context":"https:\/\/schema.org","@graph":[{"@type":"WebPage","@id":"https:\/\/www.hollandpalette.nl\/fr\/","url":"https:\/\/www.hollandpalette.nl\/fr\/","name":"Accueil - Holland Palette","isPartOf":{"@id":"https:\/\/www.hollandpalette.nl\/#website"},"primaryImageOfPage":{"@id":"https:\/\/www.hollandpalette.nl\/fr\/#primaryimage"},"image":{"@id":"https:\/\/www.hollandpalette.nl\/fr\/#primaryimage"},"thumbnailUrl":"https:\/\/www.hollandpalette.nl\/wp-content\/uploads\/2014\/08\/Handtekening-Martin-blauw-300x1511-300x151.jpg","datePublished":"2014-08-29T10:12:27+00:00","dateModified":"2025-06-30T09:10:00+00:00","breadcrumb":{"@id":"https:\/\/www.hollandpalette.nl\/fr\/#breadcrumb"},"inLanguage":"fr-FR","potentialAction":[{"@type":"ReadAction","target":["https:\/\/www.hollandpalette.nl\/fr\/"]}]},{"@type":"ImageObject","inLanguage":"fr-FR","@id":"https:\/\/www.hollandpalette.nl\/fr\/#primaryimage","url":"https:\/\/www.hollandpalette.nl\/wp-content\/uploads\/2014\/08\/Handtekening-Martin-blauw-300x1511-300x151.jpg","contentUrl":"https:\/\/www.hollandpalette.nl\/wp-content\/uploads\/2014\/08\/Handtekening-Martin-blauw-300x1511-300x151.jpg"},{"@type":"BreadcrumbList","@id":"https:\/\/www.hollandpalette.nl\/fr\/#breadcrumb","itemListElement":[{"@type":"ListItem","position":1,"name":"Home","item":"https:\/\/www.hollandpalette.nl\/fr\/"},{"@type":"ListItem","position":2,"name":"Accueil"}]},{"@type":"WebSite","@id":"https:\/\/www.hollandpalette.nl\/#website","url":"https:\/\/www.hollandpalette.nl\/","name":"Holland Palette","description":"","publisher":{"@id":"https:\/\/www.hollandpalette.nl\/#organization"},"potentialAction":[{"@type":"SearchAction","target":{"@type":"EntryPoint","urlTemplate":"https:\/\/www.hollandpalette.nl\/?s={search_term_string}"},"query-input":{"@type":"PropertyValueSpecification","valueRequired":true,"valueName":"search_term_string"}}],"inLanguage":"fr-FR"},{"@type":"Organization","@id":"https:\/\/www.hollandpalette.nl\/#organization","name":"Holland Palette","url":"https:\/\/www.hollandpalette.nl\/","logo":{"@type":"ImageObject","inLanguage":"fr-FR","@id":"https:\/\/www.hollandpalette.nl\/#\/schema\/logo\/image\/","url":"https:\/\/www.hollandpalette.nl\/wp-content\/uploads\/2014\/12\/Holland-Palette-logo-large-cut.jpg","contentUrl":"https:\/\/www.hollandpalette.nl\/wp-content\/uploads\/2014\/12\/Holland-Palette-logo-large-cut.jpg","width":601,"height":616,"caption":"Holland Palette"},"image":{"@id":"https:\/\/www.hollandpalette.nl\/#\/schema\/logo\/image\/"}}]}},"_links":{"self":[{"href":"https:\/\/www.hollandpalette.nl\/fr\/wp-json\/wp\/v2\/pages\/12228\/"}],"collection":[{"href":"https:\/\/www.hollandpalette.nl\/fr\/wp-json\/wp\/v2\/pages\/"}],"about":[{"href":"https:\/\/www.hollandpalette.nl\/fr\/wp-json\/wp\/v2\/types\/page\/"}],"author":[{"embeddable":true,"href":"https:\/\/www.hollandpalette.nl\/fr\/wp-json\/wp\/v2\/users\/3\/"}],"replies":[{"embeddable":true,"href":"https:\/\/www.hollandpalette.nl\/fr\/wp-json\/wp\/v2\/comments\/?post=12228"}],"version-history":[{"count":12,"href":"https:\/\/www.hollandpalette.nl\/fr\/wp-json\/wp\/v2\/pages\/12228\/revisions\/"}],"predecessor-version":[{"id":19135,"href":"https:\/\/www.hollandpalette.nl\/fr\/wp-json\/wp\/v2\/pages\/12228\/revisions\/19135\/"}],"wp:attachment":[{"href":"https:\/\/www.hollandpalette.nl\/fr\/wp-json\/wp\/v2\/media\/?parent=12228"}],"curies":[{"name":"wp","href":"https:\/\/api.w.org\/{rel}","templated":true}]}}