{"id":12819,"date":"2015-03-13T16:18:27","date_gmt":"2015-03-13T15:18:27","guid":{"rendered":"https:\/\/www.hollandpalette.nl\/?page_id=12819"},"modified":"2025-04-10T10:41:07","modified_gmt":"2025-04-10T09:41:07","slug":"vip-individuals","status":"publish","type":"page","link":"https:\/\/www.hollandpalette.nl\/fr\/vip-individuals\/","title":{"rendered":"VIP et Individuels"},"content":{"rendered":"[spb_text_block pb_margin_bottom=\u00a0\u00bbno\u00a0\u00bb pb_border_bottom=\u00a0\u00bbno\u00a0\u00bb el_class=\u00a0\u00bbgreenheader\u00a0\u00bb width=\u00a0\u00bb1\/1&Prime; el_position=\u00a0\u00bbfirst last\u00a0\u00bb]\n<h1 style=\"text-align: center;\">VIP et Individuels<\/h1>\n[\/spb_text_block] [spb_text_block pb_margin_bottom=\u00a0\u00bbno\u00a0\u00bb pb_border_bottom=\u00a0\u00bbno\u00a0\u00bb width=\u00a0\u00bb1\/1&Prime; el_position=\u00a0\u00bbfirst last\u00a0\u00bb]\n<div class=\"page\" title=\"Page 2\">\n<div class=\"section\">\n<div class=\"layoutArea\">\n<div class=\"column\">\n<p style=\"text-align: center;\">Holland Palette est le partenaire id\u00e9al pour les programmes touristiques de vos clients individuels haut de gamme. Nous \u00e9coutons attentivement vos souhaits et pr\u00e9parons vos propositions sur mesure : h\u00f4tels de charme, excursions, transferts en limousine, mais aussi billets de train \u00e0 destination et en provenance de Paris, Londres, Berlin, etc..<\/p>\n<p style=\"text-align: center;\">L&rsquo;organisation des visites doit \u00eatre parfaite !<\/p>\n<p style=\"text-align: center;\">Notre repr\u00e9sentant Hollande Palette ou le guide saura accueillir vos invit\u00e9s avec un cadeau et une lettre de bienvenue de votre part et d\u00e8s cet instant, vos clients seront l\u2019objet de toute notre attention afin de leur garantir un merveilleux s\u00e9jour en Hollande et en Belgique.<\/p>\n<p style=\"text-align: center;\">En \u00e9troite collaboration avec vous, nous colorons les programmes de vos clients en toute harmonie !<\/p>\n<\/div>\n<\/div>\n<\/div>\n<\/div>\n[\/spb_text_block] [spb_column width=\u00a0\u00bb1\/3&Prime; el_position=\u00a0\u00bbfirst\u00a0\u00bb] [spb_text_block pb_margin_bottom=\u00a0\u00bbno\u00a0\u00bb pb_border_bottom=\u00a0\u00bbno\u00a0\u00bb el_class=\u00a0\u00bbgreenheader\u00a0\u00bb width=\u00a0\u00bb1\/1&Prime; el_position=\u00a0\u00bbfirst last\u00a0\u00bb]\n<h3>Culture et mus\u00e9es<\/h3>\n[\/spb_text_block] [spb_single_image image=\u00a0\u00bb12648&Prime; image_size=\u00a0\u00bbfull\u00a0\u00bb frame=\u00a0\u00bbnoframe\u00a0\u00bb intro_animation=\u00a0\u00bbnone\u00a0\u00bb full_width=\u00a0\u00bbno\u00a0\u00bb lightbox=\u00a0\u00bbyes\u00a0\u00bb link_target=\u00a0\u00bb_self\u00a0\u00bb width=\u00a0\u00bb1\/1&Prime; el_position=\u00a0\u00bbfirst last\u00a0\u00bb] [spb_text_block pb_margin_bottom=\u00a0\u00bbno\u00a0\u00bb pb_border_bottom=\u00a0\u00bbno\u00a0\u00bb width=\u00a0\u00bb1\/1&Prime; el_position=\u00a0\u00bbfirst last\u00a0\u00bb]\n<div class=\"page\" title=\"Page 2\">\n<div class=\"section\">\n<div class=\"layoutArea\">\n<div class=\"column\">\n<div class=\"page\" title=\"Page 2\">\n<div class=\"section\">\n<div class=\"layoutArea\">\n<div class=\"column\">D\u00e9couvrez e 17<sup>\u00e8me<\/sup> si\u00e8cle \u00e0 Amsterdam, les chefs-d&rsquo;\u0153uvre de Rembrandt, la maison o\u00f9 il v\u00e9cut et travailla, la maison Willet Holthuysen, repr\u00e9sentative des habitations prestigieuses du si\u00e8cle d&rsquo;or donnant sur un canal, les chefs d&rsquo;\u0153uvres de Van Gogh, l\u2019\u00e9glise cach\u00e9e du 17\u00e8me si\u00e8cle &#8230;<\/div>\n<\/div>\n<div><\/div>\n<\/div>\n<\/div>\n<\/div>\n<\/div>\n<\/div>\n<\/div>\n<div class=\"page\" title=\"Page 2\">\n<div class=\"section\">\n<div class=\"layoutArea\">\n<div class=\"column\">\n<div class=\"page\" title=\"Page 2\">\n<div class=\"section\">\n<div class=\"layoutArea\">\n<div class=\"column\">\u00c0 La Haye, le Panorama de 120 m\u00e8tres de circonf\u00e9rence peint par Mesdag et la c\u00e9l\u00e8bre exp\u00e9rience Royal Bleu de Delft \u00e0 la faiencerie royale du 17<sup>\u00e8me<\/sup>\u00a0si\u00e8cle.<\/div>\n<div><\/div>\n<div class=\"column\">A Rotterdam, l\u2019art m\u00e9di\u00e9val et l&rsquo;art moderne, et au Parc National du Hoge Veluwe les \u0153uvres des impressionnistes qui se fondent dans la nature.<\/div>\n<\/div>\n<\/div>\n<\/div>\n<\/div>\n<\/div>\n<\/div>\n<\/div>\n[\/spb_text_block] [\/spb_column] [spb_column width=\u00a0\u00bb1\/3&Prime;] [spb_text_block pb_margin_bottom=\u00a0\u00bbno\u00a0\u00bb pb_border_bottom=\u00a0\u00bbno\u00a0\u00bb el_class=\u00a0\u00bbgreenheader\u00a0\u00bb width=\u00a0\u00bb1\/1&Prime; el_position=\u00a0\u00bbfirst last\u00a0\u00bb]\n<h3>Hollande, Belgique et Luxembourg<\/h3>\n[\/spb_text_block] [spb_single_image image=\u00a0\u00bb12650&Prime; image_size=\u00a0\u00bbfull\u00a0\u00bb frame=\u00a0\u00bbnoframe\u00a0\u00bb intro_animation=\u00a0\u00bbnone\u00a0\u00bb full_width=\u00a0\u00bbno\u00a0\u00bb lightbox=\u00a0\u00bbno\u00a0\u00bb link_target=\u00a0\u00bb_self\u00a0\u00bb width=\u00a0\u00bb1\/1&Prime; el_position=\u00a0\u00bbfirst last\u00a0\u00bb] [spb_text_block pb_margin_bottom=\u00a0\u00bbno\u00a0\u00bb pb_border_bottom=\u00a0\u00bbno\u00a0\u00bb width=\u00a0\u00bb1\/1&Prime; el_position=\u00a0\u00bbfirst last\u00a0\u00bb]\n<div class=\"page\" title=\"Page 2\">\n<div class=\"section\">\n<div class=\"layoutArea\">\n<div class=\"column\">Combinez les trois pays pour d\u00e9couvrir non seulement les capitales d&rsquo;Amsterdam, de Bruxelles et de Luxembourg, mais aussi les petits villages de p\u00eacheurs, une fromagerie, les moulins \u00e0 vent, le parc floral de Keukenhof,\u00a0 la ville royale de La Haye avec Madurodam la Hollande en miniature et Delft c\u00e9l\u00e8bre gr\u00e2ce au bleu de sa fa\u00efence.<\/div>\n<div><\/div>\n<div class=\"column\">Le train nous m\u00e8ne \u00e0 la passionnante capitale europ\u00e9enne Bruxelles et de l\u00e0 nous rejoignons Bruges la m\u00e9di\u00e9vale, sa fabrique de chocolat, puis une brasserie en plein essor, pr\u00e8s d&rsquo;Anvers.<\/div>\n<\/div>\n<\/div>\n<\/div>\n[\/spb_text_block] [\/spb_column] [spb_column width=\u00a0\u00bb1\/3&Prime; el_position=\u00a0\u00bblast\u00a0\u00bb] [spb_text_block pb_margin_bottom=\u00a0\u00bbno\u00a0\u00bb pb_border_bottom=\u00a0\u00bbno\u00a0\u00bb el_class=\u00a0\u00bbgreenheader\u00a0\u00bb width=\u00a0\u00bb1\/1&Prime; el_position=\u00a0\u00bbfirst last\u00a0\u00bb]\n<h3>Hollande en fleurs<\/h3>\n[\/spb_text_block] [spb_single_image image=\u00a0\u00bb12649&Prime; image_size=\u00a0\u00bbfull\u00a0\u00bb frame=\u00a0\u00bbnoframe\u00a0\u00bb intro_animation=\u00a0\u00bbnone\u00a0\u00bb full_width=\u00a0\u00bbno\u00a0\u00bb lightbox=\u00a0\u00bbno\u00a0\u00bb link_target=\u00a0\u00bb_self\u00a0\u00bb width=\u00a0\u00bb1\/1&Prime; el_position=\u00a0\u00bbfirst last\u00a0\u00bb] [spb_text_block pb_margin_bottom=\u00a0\u00bbno\u00a0\u00bb pb_border_bottom=\u00a0\u00bbno\u00a0\u00bb width=\u00a0\u00bb1\/1&Prime; el_position=\u00a0\u00bbfirst last\u00a0\u00bb]\n<div class=\"page\" title=\"Page 2\">\n<div class=\"section\">\n<div class=\"layoutArea\">\n<div class=\"column\">Parcourez les canaux pittoresques d&rsquo;Amsterdam, le plus beau jardin printanier du monde \u00e0 Keukenhof, la ville authentique de Leiden, les jardins royaux du palais Het Loo, le mus\u00e9e en plein air de Arnhem, les jardins d\u2019Appeltern et pour finir la ville de Maastricht, datant de l&rsquo;\u00e9poque romaine. (Programme r\u00e9alisable de pr\u00e9f\u00e9rence au printemps de fin mars au mi-mai).<\/div>\n<\/div>\n<\/div>\n<\/div>\n[\/spb_text_block] [\/spb_column] [divider type=\u00a0\u00bbstandard\u00a0\u00bb text=\u00a0\u00bbGo to top\u00a0\u00bb full_width=\u00a0\u00bbno\u00a0\u00bb width=\u00a0\u00bb1\/1&Prime; el_position=\u00a0\u00bbfirst last\u00a0\u00bb] [spb_column width=\u00a0\u00bb1\/3&Prime; el_position=\u00a0\u00bbfirst\u00a0\u00bb] [spb_text_block pb_margin_bottom=\u00a0\u00bbno\u00a0\u00bb pb_border_bottom=\u00a0\u00bbno\u00a0\u00bb el_class=\u00a0\u00bbgreenheader\u00a0\u00bb width=\u00a0\u00bb1\/1&Prime; el_position=\u00a0\u00bbfirst last\u00a0\u00bb]\n<h3>Goutez les d\u00e9lices flamands<\/h3>\n[\/spb_text_block] [spb_single_image image=\u00a0\u00bb12652&Prime; image_size=\u00a0\u00bbfull\u00a0\u00bb frame=\u00a0\u00bbnoframe\u00a0\u00bb intro_animation=\u00a0\u00bbnone\u00a0\u00bb full_width=\u00a0\u00bbno\u00a0\u00bb lightbox=\u00a0\u00bbno\u00a0\u00bb link_target=\u00a0\u00bb_self\u00a0\u00bb width=\u00a0\u00bb1\/1&Prime; el_position=\u00a0\u00bbfirst last\u00a0\u00bb] [spb_text_block pb_margin_bottom=\u00a0\u00bbno\u00a0\u00bb pb_border_bottom=\u00a0\u00bbno\u00a0\u00bb width=\u00a0\u00bb1\/1&Prime; el_position=\u00a0\u00bbfirst last\u00a0\u00bb]\n<div class=\"page\" title=\"Page 2\">\n<div class=\"section\">\n<div class=\"layoutArea\">\n<div class=\"column\">Au d\u00e9part de Bruxelles ou de Bruges<\/div>\n<\/div>\n<\/div>\n<\/div>\n<div><\/div>\n<div><\/div>\n<div class=\"page\" title=\"Page 2\">\n<div class=\"section\">\n<div class=\"layoutArea\">\n<div class=\"column\">Visite guid\u00e9e de la ville de Bruges, admirez les canaux romantiques, les b\u00e2timents m\u00e9di\u00e9vaux et les nombreuses \u00e9glises et cath\u00e9drales. La circulation automobile \u00e9tant interdite dans le centre-ville, la visite s\u2019effectue \u00e0 pied puis en bateau sur les canaux \u2018Reien\u2019 de Bruges.<\/div>\n<div><\/div>\n<div class=\"column\">\nLe lendemain, temps libre pour d\u00e9couvrir les mus\u00e9es, chocolateries et boutiques de dentelle, visiter une brasserie de bi\u00e8re, ou faire un tour en cal\u00e8che.<\/div>\n<div><\/div>\n<div class=\"column\">\nLe jour suivant, d\u00e9couverte de Gand, autre ville flamande magnifique et charg\u00e9e d\u2019histoire. Visite guid\u00e9e de la forteresse \u00ab Gravensteen \u00bb et d\u00e9couverte du tryptique l\u2019Adoration de l\u2019Agneau mystique \u00e0 la cath\u00e9drale Saint Bavon. Retour de Bruxelles.<\/div>\n<\/div>\n<\/div>\n<\/div>\n[\/spb_text_block] [\/spb_column] [spb_column width=\u00a0\u00bb1\/3&Prime; el_position=\u00a0\u00bblast\u00a0\u00bb] [spb_text_block pb_margin_bottom=\u00a0\u00bbno\u00a0\u00bb pb_border_bottom=\u00a0\u00bbno\u00a0\u00bb el_class=\u00a0\u00bbgreenheader\u00a0\u00bb width=\u00a0\u00bb1\/1&Prime; el_position=\u00a0\u00bbfirst last\u00a0\u00bb]\n<h3>Les pays de la bi\u00e8re\u00a0: Hollande et Belgique<\/h3>\n[\/spb_text_block] [spb_single_image image=\u00a0\u00bb12653&Prime; image_size=\u00a0\u00bbfull\u00a0\u00bb frame=\u00a0\u00bbnoframe\u00a0\u00bb intro_animation=\u00a0\u00bbnone\u00a0\u00bb full_width=\u00a0\u00bbno\u00a0\u00bb lightbox=\u00a0\u00bbno\u00a0\u00bb link_target=\u00a0\u00bb_self\u00a0\u00bb width=\u00a0\u00bb1\/1&Prime; el_position=\u00a0\u00bbfirst last\u00a0\u00bb] [spb_text_block pb_margin_bottom=\u00a0\u00bbno\u00a0\u00bb pb_border_bottom=\u00a0\u00bbno\u00a0\u00bb width=\u00a0\u00bb1\/1&Prime; el_position=\u00a0\u00bbfirst last\u00a0\u00bb]\n<div class=\"page\" title=\"Page 2\">\n<div class=\"section\">\n<div class=\"layoutArea\">\n<div class=\"column\">\n<div class=\"page\" title=\"Page 2\">\n<div class=\"section\">\n<div class=\"layoutArea\">\n<div class=\"column\">\n<p>La Hollande est un des plus grands exportateurs de bi\u00e8re dans le monde et la Belgique est \u00e9galement connue pour ses nombreuses sp\u00e9cialit\u00e9s de bi\u00e8res. Gr\u00e2ce \u00e0 ce circuit, vous deviendrez incollable sur la fabrication et les bi\u00e8res n\u00e9erlandaises et belges.<\/p>\n<p>Une combinaison \u00e9quilibr\u00e9e de visites de villes, de sites culturels et d\u2019 un certain nombre de brasseries fascinantes, telles que Heineken, Hertog Jan, Marque, Duvel et bien d\u2019autres.<\/p>\n<\/div>\n<\/div>\n<\/div>\n<\/div>\n<\/div>\n<\/div>\n<\/div>\n<\/div>\n[\/spb_text_block] [\/spb_column] [divider type=\u00a0\u00bbstandard\u00a0\u00bb text=\u00a0\u00bbGo to top\u00a0\u00bb full_width=\u00a0\u00bbno\u00a0\u00bb width=\u00a0\u00bb1\/1&Prime; el_position=\u00a0\u00bbfirst last\u00a0\u00bb] [fullwidth_text alt_background=\u00a0\u00bbalt-ten\u00a0\u00bb el_class=\u00a0\u00bbsticktofoot\u00a0\u00bb width=\u00a0\u00bb1\/1&Prime; el_position=\u00a0\u00bbfirst last\u00a0\u00bb]\n<h3 style=\"text-align: center;\">Vous souhaitez plus d&rsquo;information au sujet d&rsquo;un circuit ci-dessus ou vous \u00eates \u00e0 le recherhe d&rsquo;un programme sur mesure ?<\/h3>\n<h3 style=\"text-align: center;\">N&rsquo;h\u00e9sitez pas \u00e0 nous contacter au +31 70 306 06 46 ou nous envoyer un mail \u00e0 <a href=\"mailto:mail@hollandpalette.nl\">mail@hollandpalette.nl<\/a><\/h3>\n[\/fullwidth_text]\n","protected":false},"excerpt":{"rendered":"<p>[spb_text_block pb_margin_bottom=\u00a0\u00bbno\u00a0\u00bb pb_border_bottom=\u00a0\u00bbno\u00a0\u00bb el_class=\u00a0\u00bbgreenheader\u00a0\u00bb width=\u00a0\u00bb1\/1&Prime; el_position=\u00a0\u00bbfirst last\u00a0\u00bb] VIP et Individuels [\/spb_text_block] [spb_text_block pb_margin_bottom=\u00a0\u00bbno\u00a0\u00bb pb_border_bottom=\u00a0\u00bbno\u00a0\u00bb width=\u00a0\u00bb1\/1&Prime; el_position=\u00a0\u00bbfirst last\u00a0\u00bb] Holland Palette est le partenaire id\u00e9al pour les programmes touristiques de vos clients individuels haut de gamme. Nous \u00e9coutons attentivement vos souhaits et pr\u00e9parons vos propositions sur mesure : h\u00f4tels de charme, excursions, transferts en limousine, mais aussi billets de train \u00e0 destination [&hellip;]<\/p>\n","protected":false},"author":4,"featured_media":0,"parent":0,"menu_order":0,"comment_status":"open","ping_status":"closed","template":"","meta":{"_monsterinsights_skip_tracking":false,"_monsterinsights_sitenote_active":false,"_monsterinsights_sitenote_note":"","_monsterinsights_sitenote_category":0,"footnotes":""},"class_list":["post-12819","page","type-page","status-publish","hentry"],"yoast_head":"<!-- This site is optimized with the Yoast SEO plugin v26.5 - https:\/\/yoast.com\/wordpress\/plugins\/seo\/ -->\n<title>VIP et Individuels - Holland Palette<\/title>\n<meta name=\"robots\" content=\"index, follow, max-snippet:-1, max-image-preview:large, max-video-preview:-1\" \/>\n<link rel=\"canonical\" href=\"https:\/\/www.hollandpalette.nl\/fr\/vip-individuals\/\" \/>\n<meta property=\"og:locale\" content=\"fr_FR\" \/>\n<meta property=\"og:type\" content=\"article\" \/>\n<meta property=\"og:title\" content=\"VIP et Individuels - Holland Palette\" \/>\n<meta property=\"og:description\" content=\"[spb_text_block pb_margin_bottom=\u00a0\u00bbno\u00a0\u00bb pb_border_bottom=\u00a0\u00bbno\u00a0\u00bb el_class=\u00a0\u00bbgreenheader\u00a0\u00bb width=\u00a0\u00bb1\/1&Prime; el_position=\u00a0\u00bbfirst last\u00a0\u00bb] VIP et Individuels [\/spb_text_block] [spb_text_block pb_margin_bottom=\u00a0\u00bbno\u00a0\u00bb pb_border_bottom=\u00a0\u00bbno\u00a0\u00bb width=\u00a0\u00bb1\/1&Prime; el_position=\u00a0\u00bbfirst last\u00a0\u00bb] Holland Palette est le partenaire id\u00e9al pour les programmes touristiques de vos clients individuels haut de gamme. Nous \u00e9coutons attentivement vos souhaits et pr\u00e9parons vos propositions sur mesure : h\u00f4tels de charme, excursions, transferts en limousine, mais aussi billets de train \u00e0 destination [&hellip;]\" \/>\n<meta property=\"og:url\" content=\"https:\/\/www.hollandpalette.nl\/fr\/vip-individuals\/\" \/>\n<meta property=\"og:site_name\" content=\"Holland Palette\" \/>\n<meta property=\"article:modified_time\" content=\"2025-04-10T09:41:07+00:00\" \/>\n<meta name=\"twitter:card\" content=\"summary_large_image\" \/>\n<meta name=\"twitter:label1\" content=\"Dur\u00e9e de lecture estim\u00e9e\" \/>\n\t<meta name=\"twitter:data1\" content=\"4 minutes\" \/>\n<script type=\"application\/ld+json\" class=\"yoast-schema-graph\">{\"@context\":\"https:\/\/schema.org\",\"@graph\":[{\"@type\":\"WebPage\",\"@id\":\"https:\/\/www.hollandpalette.nl\/fr\/vip-individuals\/\",\"url\":\"https:\/\/www.hollandpalette.nl\/fr\/vip-individuals\/\",\"name\":\"VIP et Individuels - Holland Palette\",\"isPartOf\":{\"@id\":\"https:\/\/www.hollandpalette.nl\/#website\"},\"datePublished\":\"2015-03-13T15:18:27+00:00\",\"dateModified\":\"2025-04-10T09:41:07+00:00\",\"breadcrumb\":{\"@id\":\"https:\/\/www.hollandpalette.nl\/fr\/vip-individuals\/#breadcrumb\"},\"inLanguage\":\"fr-FR\",\"potentialAction\":[{\"@type\":\"ReadAction\",\"target\":[\"https:\/\/www.hollandpalette.nl\/fr\/vip-individuals\/\"]}]},{\"@type\":\"BreadcrumbList\",\"@id\":\"https:\/\/www.hollandpalette.nl\/fr\/vip-individuals\/#breadcrumb\",\"itemListElement\":[{\"@type\":\"ListItem\",\"position\":1,\"name\":\"Home\",\"item\":\"https:\/\/www.hollandpalette.nl\/fr\/\"},{\"@type\":\"ListItem\",\"position\":2,\"name\":\"VIP et Individuels\"}]},{\"@type\":\"WebSite\",\"@id\":\"https:\/\/www.hollandpalette.nl\/#website\",\"url\":\"https:\/\/www.hollandpalette.nl\/\",\"name\":\"Holland Palette\",\"description\":\"\",\"publisher\":{\"@id\":\"https:\/\/www.hollandpalette.nl\/#organization\"},\"potentialAction\":[{\"@type\":\"SearchAction\",\"target\":{\"@type\":\"EntryPoint\",\"urlTemplate\":\"https:\/\/www.hollandpalette.nl\/?s={search_term_string}\"},\"query-input\":{\"@type\":\"PropertyValueSpecification\",\"valueRequired\":true,\"valueName\":\"search_term_string\"}}],\"inLanguage\":\"fr-FR\"},{\"@type\":\"Organization\",\"@id\":\"https:\/\/www.hollandpalette.nl\/#organization\",\"name\":\"Holland Palette\",\"url\":\"https:\/\/www.hollandpalette.nl\/\",\"logo\":{\"@type\":\"ImageObject\",\"inLanguage\":\"fr-FR\",\"@id\":\"https:\/\/www.hollandpalette.nl\/#\/schema\/logo\/image\/\",\"url\":\"https:\/\/www.hollandpalette.nl\/wp-content\/uploads\/2014\/12\/Holland-Palette-logo-large-cut.jpg\",\"contentUrl\":\"https:\/\/www.hollandpalette.nl\/wp-content\/uploads\/2014\/12\/Holland-Palette-logo-large-cut.jpg\",\"width\":601,\"height\":616,\"caption\":\"Holland Palette\"},\"image\":{\"@id\":\"https:\/\/www.hollandpalette.nl\/#\/schema\/logo\/image\/\"}}]}<\/script>\n<!-- \/ Yoast SEO plugin. -->","yoast_head_json":{"title":"VIP et Individuels - Holland Palette","robots":{"index":"index","follow":"follow","max-snippet":"max-snippet:-1","max-image-preview":"max-image-preview:large","max-video-preview":"max-video-preview:-1"},"canonical":"https:\/\/www.hollandpalette.nl\/fr\/vip-individuals\/","og_locale":"fr_FR","og_type":"article","og_title":"VIP et Individuels - Holland Palette","og_description":"[spb_text_block pb_margin_bottom=\u00a0\u00bbno\u00a0\u00bb pb_border_bottom=\u00a0\u00bbno\u00a0\u00bb el_class=\u00a0\u00bbgreenheader\u00a0\u00bb width=\u00a0\u00bb1\/1&Prime; el_position=\u00a0\u00bbfirst last\u00a0\u00bb] VIP et Individuels [\/spb_text_block] [spb_text_block pb_margin_bottom=\u00a0\u00bbno\u00a0\u00bb pb_border_bottom=\u00a0\u00bbno\u00a0\u00bb width=\u00a0\u00bb1\/1&Prime; el_position=\u00a0\u00bbfirst last\u00a0\u00bb] Holland Palette est le partenaire id\u00e9al pour les programmes touristiques de vos clients individuels haut de gamme. Nous \u00e9coutons attentivement vos souhaits et pr\u00e9parons vos propositions sur mesure : h\u00f4tels de charme, excursions, transferts en limousine, mais aussi billets de train \u00e0 destination [&hellip;]","og_url":"https:\/\/www.hollandpalette.nl\/fr\/vip-individuals\/","og_site_name":"Holland Palette","article_modified_time":"2025-04-10T09:41:07+00:00","twitter_card":"summary_large_image","twitter_misc":{"Dur\u00e9e de lecture estim\u00e9e":"4 minutes"},"schema":{"@context":"https:\/\/schema.org","@graph":[{"@type":"WebPage","@id":"https:\/\/www.hollandpalette.nl\/fr\/vip-individuals\/","url":"https:\/\/www.hollandpalette.nl\/fr\/vip-individuals\/","name":"VIP et Individuels - Holland Palette","isPartOf":{"@id":"https:\/\/www.hollandpalette.nl\/#website"},"datePublished":"2015-03-13T15:18:27+00:00","dateModified":"2025-04-10T09:41:07+00:00","breadcrumb":{"@id":"https:\/\/www.hollandpalette.nl\/fr\/vip-individuals\/#breadcrumb"},"inLanguage":"fr-FR","potentialAction":[{"@type":"ReadAction","target":["https:\/\/www.hollandpalette.nl\/fr\/vip-individuals\/"]}]},{"@type":"BreadcrumbList","@id":"https:\/\/www.hollandpalette.nl\/fr\/vip-individuals\/#breadcrumb","itemListElement":[{"@type":"ListItem","position":1,"name":"Home","item":"https:\/\/www.hollandpalette.nl\/fr\/"},{"@type":"ListItem","position":2,"name":"VIP et Individuels"}]},{"@type":"WebSite","@id":"https:\/\/www.hollandpalette.nl\/#website","url":"https:\/\/www.hollandpalette.nl\/","name":"Holland Palette","description":"","publisher":{"@id":"https:\/\/www.hollandpalette.nl\/#organization"},"potentialAction":[{"@type":"SearchAction","target":{"@type":"EntryPoint","urlTemplate":"https:\/\/www.hollandpalette.nl\/?s={search_term_string}"},"query-input":{"@type":"PropertyValueSpecification","valueRequired":true,"valueName":"search_term_string"}}],"inLanguage":"fr-FR"},{"@type":"Organization","@id":"https:\/\/www.hollandpalette.nl\/#organization","name":"Holland Palette","url":"https:\/\/www.hollandpalette.nl\/","logo":{"@type":"ImageObject","inLanguage":"fr-FR","@id":"https:\/\/www.hollandpalette.nl\/#\/schema\/logo\/image\/","url":"https:\/\/www.hollandpalette.nl\/wp-content\/uploads\/2014\/12\/Holland-Palette-logo-large-cut.jpg","contentUrl":"https:\/\/www.hollandpalette.nl\/wp-content\/uploads\/2014\/12\/Holland-Palette-logo-large-cut.jpg","width":601,"height":616,"caption":"Holland Palette"},"image":{"@id":"https:\/\/www.hollandpalette.nl\/#\/schema\/logo\/image\/"}}]}},"_links":{"self":[{"href":"https:\/\/www.hollandpalette.nl\/fr\/wp-json\/wp\/v2\/pages\/12819\/"}],"collection":[{"href":"https:\/\/www.hollandpalette.nl\/fr\/wp-json\/wp\/v2\/pages\/"}],"about":[{"href":"https:\/\/www.hollandpalette.nl\/fr\/wp-json\/wp\/v2\/types\/page\/"}],"author":[{"embeddable":true,"href":"https:\/\/www.hollandpalette.nl\/fr\/wp-json\/wp\/v2\/users\/4\/"}],"replies":[{"embeddable":true,"href":"https:\/\/www.hollandpalette.nl\/fr\/wp-json\/wp\/v2\/comments\/?post=12819"}],"version-history":[{"count":10,"href":"https:\/\/www.hollandpalette.nl\/fr\/wp-json\/wp\/v2\/pages\/12819\/revisions\/"}],"predecessor-version":[{"id":19071,"href":"https:\/\/www.hollandpalette.nl\/fr\/wp-json\/wp\/v2\/pages\/12819\/revisions\/19071\/"}],"wp:attachment":[{"href":"https:\/\/www.hollandpalette.nl\/fr\/wp-json\/wp\/v2\/media\/?parent=12819"}],"curies":[{"name":"wp","href":"https:\/\/api.w.org\/{rel}","templated":true}]}}