{"id":16977,"date":"2020-06-05T08:43:33","date_gmt":"2020-06-05T07:43:33","guid":{"rendered":"https:\/\/www.hollandpalette.nl\/?page_id=16977"},"modified":"2025-04-10T14:22:15","modified_gmt":"2025-04-10T13:22:15","slug":"valkering-incoming-cruises-b-v","status":"publish","type":"page","link":"https:\/\/www.hollandpalette.nl\/fr\/valkering-incoming-cruises-b-v\/","title":{"rendered":"Valkering Incoming &#038; Cruises B.V."},"content":{"rendered":"[spb_text_block pb_margin_bottom=\u00a0\u00bbno\u00a0\u00bb pb_border_bottom=\u00a0\u00bbno\u00a0\u00bb width=\u00a0\u00bb1\/1&Prime; el_position=\u00a0\u00bbfirst last\u00a0\u00bb]\n<h1 style=\"text-align: center;\"><span style=\"color: #83c441;\">Valkering Incoming &amp; Cruises B.V.<\/span><\/h1>\n<p>&nbsp;<\/p>\n<div class=\"horizontal-break\"> <\/div>\n<div class=\"one_third\"><\/div>\n[\/spb_text_block] [spb_column width=\u00a0\u00bb1\/4&Prime; el_position=\u00a0\u00bbfirst\u00a0\u00bb] [spb_text_block pb_margin_bottom=\u00a0\u00bbno\u00a0\u00bb pb_border_bottom=\u00a0\u00bbno\u00a0\u00bb width=\u00a0\u00bb1\/1&Prime; el_position=\u00a0\u00bbfirst last\u00a0\u00bb]\n<p><a href=\"https:\/\/www.hollandpalette.nl\/wp-content\/uploads\/2020\/06\/foto.jpg\"><img loading=\"lazy\" decoding=\"async\" class=\"alignnone size-medium wp-image-16992\" src=\"https:\/\/www.hollandpalette.nl\/wp-content\/uploads\/2020\/06\/foto-300x154.jpg\" alt=\"\" width=\"300\" height=\"154\" srcset=\"https:\/\/www.hollandpalette.nl\/wp-content\/uploads\/2020\/06\/foto-300x154.jpg 300w, https:\/\/www.hollandpalette.nl\/wp-content\/uploads\/2020\/06\/foto.jpg 621w\" sizes=\"auto, (max-width: 300px) 100vw, 300px\" \/><\/a><\/p>\n[\/spb_text_block] [spb_text_block pb_margin_bottom=\u00a0\u00bbno\u00a0\u00bb pb_border_bottom=\u00a0\u00bbno\u00a0\u00bb width=\u00a0\u00bb1\/1&Prime; el_position=\u00a0\u00bbfirst last\u00a0\u00bb]\n<p>&nbsp;<\/p>\n<p><a href=\"https:\/\/www.hollandpalette.nl\/wp-content\/uploads\/2020\/06\/thumbnail_logo.jpg\"><img loading=\"lazy\" decoding=\"async\" class=\"alignnone size-full wp-image-16988\" src=\"https:\/\/www.hollandpalette.nl\/wp-content\/uploads\/2020\/06\/thumbnail_logo.jpg\" alt=\"\" width=\"295\" height=\"153\" \/><\/a><\/p>\n[\/spb_text_block] [spb_text_block pb_margin_bottom=\u00a0\u00bbno\u00a0\u00bb pb_border_bottom=\u00a0\u00bbno\u00a0\u00bb width=\u00a0\u00bb1\/1&Prime; el_position=\u00a0\u00bbfirst last\u00a0\u00bb]\n<h5>Veuillez prendre note que les coordonn\u00e9es suivantes ne sont plus valable:<br \/>\nValkering Incoming &amp; Cruises B.V.<br \/>\nWandelweg 62<br \/>\n1521 AJ Wormerveer<\/h5>\n[\/spb_text_block] [\/spb_column] [spb_text_block pb_margin_bottom=\u00a0\u00bbno\u00a0\u00bb pb_border_bottom=\u00a0\u00bbno\u00a0\u00bb width=\u00a0\u00bb3\/4&Prime; el_position=\u00a0\u00bblast\u00a0\u00bb]\n<p style=\"text-align: center;\"><span lang=\"fr\">Nous souhaitons vous informer que depuis Septembre 2019,\u00a0 une \u00e9troite collaboration existe entre Valkering Travel &amp; Cruises B.V. et Holland Palette.<\/span><\/p>\n<p style=\"text-align: center;\"><span lang=\"fr\">Selon les dires de Nella Valkering\u00a0: le personnel de Holland Palette \u00e0 la Haye et Marianne, ma collaboratrice depuis 21 ans, sont devenus nos coll\u00e8gues et nous formons une belle \u00e9quipe.<\/span><\/p>\n<p style=\"text-align: center;\"><span lang=\"fr\">Malheureusement, Nella Valkering est oblig\u00e9e de prendre une d\u00e9cision difficile en mettant un terme \u00e0 sa carri\u00e8re professionnelle en raison de probl\u00e8mes de sant\u00e9. C\u2019est selon son choix, \u00a0le moment id\u00e9al pour Holland Palette de reprendre les activit\u00e9s quotidiennes. Vos futures demandes seront trait\u00e9es comme d\u2019habitude par l\u2019\u00e9quipe de Holland Palette.<\/span><\/p>\n<p style=\"text-align: center;\"><span lang=\"fr\">Holland Palette et Valkering Incoming &amp; Cruises travaillent \u00e9troitement avec des fournisseurs haut de gamme. Notre objectif est de satisfaire nos clients avec une touche cr\u00e9ative et personnelle car nous continuons \u00e0 croire aux voyages sur mesure.<\/span><\/p>\n<p style=\"text-align: center;\"><span lang=\"fr\">Valkering Incoming &amp; Cruises et Holland Palette sont tous les deux acteurs du tourisme r\u00e9ceptif Hollande, Belgique et Luxembourg depuis de longues ann\u00e9es, ce qui vous garanti l\u2019exp\u00e9rience et la qualit\u00e9 pour notre future collaboration.<\/span><\/p>\n[\/spb_text_block] [fullwidth_text alt_background=\u00a0\u00bbalt-ten\u00a0\u00bb width=\u00a0\u00bb1\/1&Prime; el_position=\u00a0\u00bbfirst last\u00a0\u00bb]\n<p style=\"text-align: center;\">N\u2019h\u00e9sitez pas \u00e0 nous contacter pour plus d\u2019informations :<\/p>\n[\/fullwidth_text] [spb_icon_box box_type=\u00a0\u00bbstandard\u00a0\u00bb image=\u00a0\u00bbfas fa-envelope\u00a0\u00bb color=\u00a0\u00bbstandard\u00a0\u00bb link=\u00a0\u00bbmailto:marianne@hollandpalette.nl\u00a0\u00bb target=\u00a0\u00bb_self\u00a0\u00bb animation=\u00a0\u00bbnone\u00a0\u00bb animation_delay=\u00a0\u00bb0&Prime; width=\u00a0\u00bb1\/3&Prime; el_position=\u00a0\u00bbfirst\u00a0\u00bb]\n<p>mail@hollandpalette.nl<\/p>\n[\/spb_icon_box] [spb_text_block pb_margin_bottom=\u00a0\u00bbno\u00a0\u00bb pb_border_bottom=\u00a0\u00bbno\u00a0\u00bb width=\u00a0\u00bb1\/3&Prime;][\/spb_text_block] [spb_icon_box box_type=\u00a0\u00bbstandard\u00a0\u00bb image=\u00a0\u00bbfas fa-phone-alt\u00a0\u00bb color=\u00a0\u00bbstandard\u00a0\u00bb target=\u00a0\u00bb_self\u00a0\u00bb animation=\u00a0\u00bbnone\u00a0\u00bb animation_delay=\u00a0\u00bb0&Prime; width=\u00a0\u00bb1\/3&Prime; el_position=\u00a0\u00bblast\u00a0\u00bb]\n<p style=\"text-align: center;\">0031 70 306 06 46<\/p>\n[\/spb_icon_box]\n","protected":false},"excerpt":{"rendered":"<p>[spb_text_block pb_margin_bottom=\u00a0\u00bbno\u00a0\u00bb pb_border_bottom=\u00a0\u00bbno\u00a0\u00bb width=\u00a0\u00bb1\/1&Prime; el_position=\u00a0\u00bbfirst last\u00a0\u00bb] Valkering Incoming &amp; Cruises B.V. &nbsp; [\/spb_text_block] [spb_column width=\u00a0\u00bb1\/4&Prime; el_position=\u00a0\u00bbfirst\u00a0\u00bb] [spb_text_block pb_margin_bottom=\u00a0\u00bbno\u00a0\u00bb pb_border_bottom=\u00a0\u00bbno\u00a0\u00bb width=\u00a0\u00bb1\/1&Prime; el_position=\u00a0\u00bbfirst last\u00a0\u00bb] [\/spb_text_block] [spb_text_block pb_margin_bottom=\u00a0\u00bbno\u00a0\u00bb pb_border_bottom=\u00a0\u00bbno\u00a0\u00bb width=\u00a0\u00bb1\/1&Prime; el_position=\u00a0\u00bbfirst last\u00a0\u00bb] &nbsp; [\/spb_text_block] [spb_text_block pb_margin_bottom=\u00a0\u00bbno\u00a0\u00bb pb_border_bottom=\u00a0\u00bbno\u00a0\u00bb width=\u00a0\u00bb1\/1&Prime; el_position=\u00a0\u00bbfirst last\u00a0\u00bb] Veuillez prendre note que les coordonn\u00e9es suivantes ne sont plus valable: Valkering Incoming &amp; Cruises B.V. Wandelweg 62 1521 AJ Wormerveer [\/spb_text_block] [\/spb_column] [&hellip;]<\/p>\n","protected":false},"author":4,"featured_media":0,"parent":0,"menu_order":0,"comment_status":"closed","ping_status":"closed","template":"","meta":{"_monsterinsights_skip_tracking":false,"_monsterinsights_sitenote_active":false,"_monsterinsights_sitenote_note":"","_monsterinsights_sitenote_category":0,"footnotes":""},"class_list":["post-16977","page","type-page","status-publish","hentry"],"yoast_head":"<!-- This site is optimized with the Yoast SEO plugin v26.5 - https:\/\/yoast.com\/wordpress\/plugins\/seo\/ -->\n<title>Valkering Incoming &amp; Cruises B.V. - Holland Palette<\/title>\n<meta name=\"description\" content=\"Valkering Incoming Cruises B.V. a commenc\u00e9 une \u00e9troite collaboration avec Holland Palette en Septembre 2019. Holland Palette a repris toutes les activit\u00e9s quotidiennes.\" \/>\n<meta name=\"robots\" content=\"index, follow, max-snippet:-1, max-image-preview:large, max-video-preview:-1\" \/>\n<link rel=\"canonical\" href=\"https:\/\/www.hollandpalette.nl\/fr\/valkering-incoming-cruises-b-v\/\" \/>\n<meta property=\"og:locale\" content=\"fr_FR\" \/>\n<meta property=\"og:type\" content=\"article\" \/>\n<meta property=\"og:title\" content=\"Valkering Incoming &amp; Cruises B.V. - Holland Palette\" \/>\n<meta property=\"og:description\" content=\"Valkering Incoming Cruises B.V. a commenc\u00e9 une \u00e9troite collaboration avec Holland Palette en Septembre 2019. Holland Palette a repris toutes les activit\u00e9s quotidiennes.\" \/>\n<meta property=\"og:url\" content=\"https:\/\/www.hollandpalette.nl\/fr\/valkering-incoming-cruises-b-v\/\" \/>\n<meta property=\"og:site_name\" content=\"Holland Palette\" \/>\n<meta property=\"article:modified_time\" content=\"2025-04-10T13:22:15+00:00\" \/>\n<meta property=\"og:image\" content=\"https:\/\/www.hollandpalette.nl\/wp-content\/uploads\/2020\/06\/foto.jpg\" \/>\n\t<meta property=\"og:image:width\" content=\"621\" \/>\n\t<meta property=\"og:image:height\" content=\"318\" \/>\n\t<meta property=\"og:image:type\" content=\"image\/jpeg\" \/>\n<meta name=\"twitter:card\" content=\"summary_large_image\" \/>\n<meta name=\"twitter:label1\" content=\"Dur\u00e9e de lecture estim\u00e9e\" \/>\n\t<meta name=\"twitter:data1\" content=\"2 minutes\" \/>\n<script type=\"application\/ld+json\" class=\"yoast-schema-graph\">{\"@context\":\"https:\/\/schema.org\",\"@graph\":[{\"@type\":\"WebPage\",\"@id\":\"https:\/\/www.hollandpalette.nl\/fr\/valkering-incoming-cruises-b-v\/\",\"url\":\"https:\/\/www.hollandpalette.nl\/fr\/valkering-incoming-cruises-b-v\/\",\"name\":\"Valkering Incoming & Cruises B.V. - Holland Palette\",\"isPartOf\":{\"@id\":\"https:\/\/www.hollandpalette.nl\/#website\"},\"primaryImageOfPage\":{\"@id\":\"https:\/\/www.hollandpalette.nl\/fr\/valkering-incoming-cruises-b-v\/#primaryimage\"},\"image\":{\"@id\":\"https:\/\/www.hollandpalette.nl\/fr\/valkering-incoming-cruises-b-v\/#primaryimage\"},\"thumbnailUrl\":\"https:\/\/www.hollandpalette.nl\/wp-content\/uploads\/2020\/06\/foto-300x154.jpg\",\"datePublished\":\"2020-06-05T07:43:33+00:00\",\"dateModified\":\"2025-04-10T13:22:15+00:00\",\"description\":\"Valkering Incoming Cruises B.V. a commenc\u00e9 une \u00e9troite collaboration avec Holland Palette en Septembre 2019. Holland Palette a repris toutes les activit\u00e9s quotidiennes.\",\"breadcrumb\":{\"@id\":\"https:\/\/www.hollandpalette.nl\/fr\/valkering-incoming-cruises-b-v\/#breadcrumb\"},\"inLanguage\":\"fr-FR\",\"potentialAction\":[{\"@type\":\"ReadAction\",\"target\":[\"https:\/\/www.hollandpalette.nl\/fr\/valkering-incoming-cruises-b-v\/\"]}]},{\"@type\":\"ImageObject\",\"inLanguage\":\"fr-FR\",\"@id\":\"https:\/\/www.hollandpalette.nl\/fr\/valkering-incoming-cruises-b-v\/#primaryimage\",\"url\":\"https:\/\/www.hollandpalette.nl\/wp-content\/uploads\/2020\/06\/foto-300x154.jpg\",\"contentUrl\":\"https:\/\/www.hollandpalette.nl\/wp-content\/uploads\/2020\/06\/foto-300x154.jpg\"},{\"@type\":\"BreadcrumbList\",\"@id\":\"https:\/\/www.hollandpalette.nl\/fr\/valkering-incoming-cruises-b-v\/#breadcrumb\",\"itemListElement\":[{\"@type\":\"ListItem\",\"position\":1,\"name\":\"Home\",\"item\":\"https:\/\/www.hollandpalette.nl\/fr\/\"},{\"@type\":\"ListItem\",\"position\":2,\"name\":\"Valkering Incoming &#038; Cruises B.V.\"}]},{\"@type\":\"WebSite\",\"@id\":\"https:\/\/www.hollandpalette.nl\/#website\",\"url\":\"https:\/\/www.hollandpalette.nl\/\",\"name\":\"Holland Palette\",\"description\":\"\",\"publisher\":{\"@id\":\"https:\/\/www.hollandpalette.nl\/#organization\"},\"potentialAction\":[{\"@type\":\"SearchAction\",\"target\":{\"@type\":\"EntryPoint\",\"urlTemplate\":\"https:\/\/www.hollandpalette.nl\/?s={search_term_string}\"},\"query-input\":{\"@type\":\"PropertyValueSpecification\",\"valueRequired\":true,\"valueName\":\"search_term_string\"}}],\"inLanguage\":\"fr-FR\"},{\"@type\":\"Organization\",\"@id\":\"https:\/\/www.hollandpalette.nl\/#organization\",\"name\":\"Holland Palette\",\"url\":\"https:\/\/www.hollandpalette.nl\/\",\"logo\":{\"@type\":\"ImageObject\",\"inLanguage\":\"fr-FR\",\"@id\":\"https:\/\/www.hollandpalette.nl\/#\/schema\/logo\/image\/\",\"url\":\"https:\/\/www.hollandpalette.nl\/wp-content\/uploads\/2014\/12\/Holland-Palette-logo-large-cut.jpg\",\"contentUrl\":\"https:\/\/www.hollandpalette.nl\/wp-content\/uploads\/2014\/12\/Holland-Palette-logo-large-cut.jpg\",\"width\":601,\"height\":616,\"caption\":\"Holland Palette\"},\"image\":{\"@id\":\"https:\/\/www.hollandpalette.nl\/#\/schema\/logo\/image\/\"}}]}<\/script>\n<!-- \/ Yoast SEO plugin. -->","yoast_head_json":{"title":"Valkering Incoming & Cruises B.V. - Holland Palette","description":"Valkering Incoming Cruises B.V. a commenc\u00e9 une \u00e9troite collaboration avec Holland Palette en Septembre 2019. Holland Palette a repris toutes les activit\u00e9s quotidiennes.","robots":{"index":"index","follow":"follow","max-snippet":"max-snippet:-1","max-image-preview":"max-image-preview:large","max-video-preview":"max-video-preview:-1"},"canonical":"https:\/\/www.hollandpalette.nl\/fr\/valkering-incoming-cruises-b-v\/","og_locale":"fr_FR","og_type":"article","og_title":"Valkering Incoming & Cruises B.V. - Holland Palette","og_description":"Valkering Incoming Cruises B.V. a commenc\u00e9 une \u00e9troite collaboration avec Holland Palette en Septembre 2019. Holland Palette a repris toutes les activit\u00e9s quotidiennes.","og_url":"https:\/\/www.hollandpalette.nl\/fr\/valkering-incoming-cruises-b-v\/","og_site_name":"Holland Palette","article_modified_time":"2025-04-10T13:22:15+00:00","og_image":[{"width":621,"height":318,"url":"https:\/\/www.hollandpalette.nl\/wp-content\/uploads\/2020\/06\/foto.jpg","type":"image\/jpeg"}],"twitter_card":"summary_large_image","twitter_misc":{"Dur\u00e9e de lecture estim\u00e9e":"2 minutes"},"schema":{"@context":"https:\/\/schema.org","@graph":[{"@type":"WebPage","@id":"https:\/\/www.hollandpalette.nl\/fr\/valkering-incoming-cruises-b-v\/","url":"https:\/\/www.hollandpalette.nl\/fr\/valkering-incoming-cruises-b-v\/","name":"Valkering Incoming & Cruises B.V. - Holland Palette","isPartOf":{"@id":"https:\/\/www.hollandpalette.nl\/#website"},"primaryImageOfPage":{"@id":"https:\/\/www.hollandpalette.nl\/fr\/valkering-incoming-cruises-b-v\/#primaryimage"},"image":{"@id":"https:\/\/www.hollandpalette.nl\/fr\/valkering-incoming-cruises-b-v\/#primaryimage"},"thumbnailUrl":"https:\/\/www.hollandpalette.nl\/wp-content\/uploads\/2020\/06\/foto-300x154.jpg","datePublished":"2020-06-05T07:43:33+00:00","dateModified":"2025-04-10T13:22:15+00:00","description":"Valkering Incoming Cruises B.V. a commenc\u00e9 une \u00e9troite collaboration avec Holland Palette en Septembre 2019. Holland Palette a repris toutes les activit\u00e9s quotidiennes.","breadcrumb":{"@id":"https:\/\/www.hollandpalette.nl\/fr\/valkering-incoming-cruises-b-v\/#breadcrumb"},"inLanguage":"fr-FR","potentialAction":[{"@type":"ReadAction","target":["https:\/\/www.hollandpalette.nl\/fr\/valkering-incoming-cruises-b-v\/"]}]},{"@type":"ImageObject","inLanguage":"fr-FR","@id":"https:\/\/www.hollandpalette.nl\/fr\/valkering-incoming-cruises-b-v\/#primaryimage","url":"https:\/\/www.hollandpalette.nl\/wp-content\/uploads\/2020\/06\/foto-300x154.jpg","contentUrl":"https:\/\/www.hollandpalette.nl\/wp-content\/uploads\/2020\/06\/foto-300x154.jpg"},{"@type":"BreadcrumbList","@id":"https:\/\/www.hollandpalette.nl\/fr\/valkering-incoming-cruises-b-v\/#breadcrumb","itemListElement":[{"@type":"ListItem","position":1,"name":"Home","item":"https:\/\/www.hollandpalette.nl\/fr\/"},{"@type":"ListItem","position":2,"name":"Valkering Incoming &#038; Cruises B.V."}]},{"@type":"WebSite","@id":"https:\/\/www.hollandpalette.nl\/#website","url":"https:\/\/www.hollandpalette.nl\/","name":"Holland Palette","description":"","publisher":{"@id":"https:\/\/www.hollandpalette.nl\/#organization"},"potentialAction":[{"@type":"SearchAction","target":{"@type":"EntryPoint","urlTemplate":"https:\/\/www.hollandpalette.nl\/?s={search_term_string}"},"query-input":{"@type":"PropertyValueSpecification","valueRequired":true,"valueName":"search_term_string"}}],"inLanguage":"fr-FR"},{"@type":"Organization","@id":"https:\/\/www.hollandpalette.nl\/#organization","name":"Holland Palette","url":"https:\/\/www.hollandpalette.nl\/","logo":{"@type":"ImageObject","inLanguage":"fr-FR","@id":"https:\/\/www.hollandpalette.nl\/#\/schema\/logo\/image\/","url":"https:\/\/www.hollandpalette.nl\/wp-content\/uploads\/2014\/12\/Holland-Palette-logo-large-cut.jpg","contentUrl":"https:\/\/www.hollandpalette.nl\/wp-content\/uploads\/2014\/12\/Holland-Palette-logo-large-cut.jpg","width":601,"height":616,"caption":"Holland Palette"},"image":{"@id":"https:\/\/www.hollandpalette.nl\/#\/schema\/logo\/image\/"}}]}},"_links":{"self":[{"href":"https:\/\/www.hollandpalette.nl\/fr\/wp-json\/wp\/v2\/pages\/16977\/"}],"collection":[{"href":"https:\/\/www.hollandpalette.nl\/fr\/wp-json\/wp\/v2\/pages\/"}],"about":[{"href":"https:\/\/www.hollandpalette.nl\/fr\/wp-json\/wp\/v2\/types\/page\/"}],"author":[{"embeddable":true,"href":"https:\/\/www.hollandpalette.nl\/fr\/wp-json\/wp\/v2\/users\/4\/"}],"replies":[{"embeddable":true,"href":"https:\/\/www.hollandpalette.nl\/fr\/wp-json\/wp\/v2\/comments\/?post=16977"}],"version-history":[{"count":10,"href":"https:\/\/www.hollandpalette.nl\/fr\/wp-json\/wp\/v2\/pages\/16977\/revisions\/"}],"predecessor-version":[{"id":19080,"href":"https:\/\/www.hollandpalette.nl\/fr\/wp-json\/wp\/v2\/pages\/16977\/revisions\/19080\/"}],"wp:attachment":[{"href":"https:\/\/www.hollandpalette.nl\/fr\/wp-json\/wp\/v2\/media\/?parent=16977"}],"curies":[{"name":"wp","href":"https:\/\/api.w.org\/{rel}","templated":true}]}}