{"id":17159,"date":"2020-03-06T15:33:47","date_gmt":"2020-03-06T14:33:47","guid":{"rendered":"https:\/\/www.hollandpalette.nl\/about-us\/"},"modified":"2025-04-10T13:35:51","modified_gmt":"2025-04-10T12:35:51","slug":"a-propos-de-nous","status":"publish","type":"page","link":"https:\/\/www.hollandpalette.nl\/fr\/a-propos-de-nous\/","title":{"rendered":"\u00c0 propos de nous"},"content":{"rendered":"[blank_spacer height=\u00a0\u00bb3px\u00a0\u00bb width=\u00a0\u00bb1\/1&Prime; el_position=\u00a0\u00bbfirst last\u00a0\u00bb] [spb_text_block pb_margin_bottom=\u00a0\u00bbno\u00a0\u00bb pb_border_bottom=\u00a0\u00bbno\u00a0\u00bb width=\u00a0\u00bb1\/1&Prime; el_position=\u00a0\u00bbfirst last\u00a0\u00bb]\n<h1 style=\"text-align: center;\"><span style=\"color: #83c441;\">\u00c0 propos de nous<br \/>\n<\/span><\/h1>\n<p>&nbsp;<\/p>\n<p>Depuis 1998, Holland Palette s\u2019est sp\u00e9cialis\u00e9 dans l\u2019organisation de programmes d\u00e9taill\u00e9s, voire minutieux, pour des groupes au BENELUX. Nous avons s\u00e9lectionn\u00e9 dans nombre de villes et de villages des restaurants agr\u00e9ables, des visites in\u00e9dites. Une \u00e9quipe de 60 guides est \u00e0 votre disposition pour accompagner votre groupe d\u2019une fa\u00e7on informative, agr\u00e9able et comp\u00e9tente. Nous avons n\u00e9goci\u00e9 les tarifs d\u2019h\u00f4tels mais nous pouvons aussi organiser pour vous des soir\u00e9es ou des r\u00e9unions de travail \u201ccl\u00e9 en main\u201d. Vous voulez faire une excursion en car, ou \u00eatre plus actif \u00e0 v\u00e9lo, en voilier, \u00e0 p\u00e9dalo, en tram tir\u00e9 par des chevaux\u2026 tout est possible! Nous \u00e9coutons d\u2019abord attentivement vos souhaits et nous vous proposons ensuite un programme sur mesure. Puis nous r\u00e9serverons avec soin tous les prestataires demand\u00e9s. Vous demandez, nous r\u00e9alisons. Bien entendu, les programmes que nous proposons sur notre site sont des exemples de ce que nous pouvons faire, nous sommes \u00e0 votre service pour toute autre demande.<\/p>\n<p>&nbsp;<\/p>\n[\/spb_text_block] [blank_spacer height=\u00a0\u00bb60px\u00a0\u00bb width=\u00a0\u00bb1\/1&Prime; el_position=\u00a0\u00bbfirst last\u00a0\u00bb] [fullwidth_text alt_background=\u00a0\u00bbalt-ten\u00a0\u00bb el_class=\u00a0\u00bbmb0 btw bb0 pb0 no-arrow\u00a0\u00bb width=\u00a0\u00bb1\/1&Prime; el_position=\u00a0\u00bbfirst last\u00a0\u00bb]\n<h1 style=\"text-align: center;\">Les raisons de choisir Holland Palette<\/h1>\n<div class=\"one_third\">\n<div class=\"sf-icon-box sf-icon-box-boxed-two sf-animation sf-icon-\" data-animation=\"pop-up\" data-delay=\"100\"><div class=\"sf-icon-box-content-wrap clearfix\"><span class=\"sf-icon-character sf-icon sf-icon-float-none sf-icon-medium sf-icon-\">1<\/span><h3>Nous sommes joignables 24\/24<\/h3><div class=\"sf-icon-box-content\"><br \/>\n<\/div><\/div><\/div><br \/>\n<\/div>\n<div class=\"one_third\">\n<div class=\"sf-icon-box sf-icon-box-boxed-two sf-animation sf-icon-\" data-animation=\"pop-up\" data-delay=\"200\"><div class=\"sf-icon-box-content-wrap clearfix\"><span class=\"sf-icon-character sf-icon sf-icon-float-none sf-icon-medium sf-icon-\">2<\/span><h3>Nous parlons votre langue<\/h3><div class=\"sf-icon-box-content\"><br \/>\n<\/div><\/div><\/div>\n<\/div>\n<div class=\"one_third last\">\n<div class=\"sf-icon-box sf-icon-box-boxed-two sf-animation sf-icon-\" data-animation=\"pop-up\" data-delay=\"400\"><div class=\"sf-icon-box-content-wrap clearfix\"><span class=\"sf-icon-character sf-icon sf-icon-float-none sf-icon-medium sf-icon-\">3<\/span><h3>Une r\u00e9ponse garantie sous 48 heures<\/h3><div class=\"sf-icon-box-content\"><\/p>\n<p><\/div><\/div><\/div><br \/>\n<\/div><div class=\"clearboth\"><\/div>\n<div class=\"one_third\">\n<div class=\"sf-icon-box sf-icon-box-boxed-two sf-animation sf-icon-\" data-animation=\"pop-up\" data-delay=\"600\"><div class=\"sf-icon-box-content-wrap clearfix\"><span class=\"sf-icon-character sf-icon sf-icon-float-none sf-icon-medium sf-icon-\">4<\/span><h3>Nous sommes vos experts aux Pays-Bas, en Belgique et au Luxembourg<\/h3><div class=\"sf-icon-box-content\">\n<p><\/div><\/div><\/div><br \/>\n<\/div>\n<div class=\"one_third\">\n<div class=\"sf-icon-box sf-icon-box-boxed-two sf-animation sf-icon-\" data-animation=\"pop-up\" data-delay=\"800\"><div class=\"sf-icon-box-content-wrap clearfix\"><span class=\"sf-icon-character sf-icon sf-icon-float-none sf-icon-medium sf-icon-\">5<\/span><h3>Nous vous cr\u00e9ons des programmes sur mesure<\/h3><div class=\"sf-icon-box-content\"><\/p>\n<p><\/div><\/div><\/div><br \/>\n<\/div>\n<div class=\"one_third last\"><\/div><div class=\"clearboth\"><\/div>\n[\/fullwidth_text] [blank_spacer height=\u00a0\u00bb60px\u00a0\u00bb width=\u00a0\u00bb1\/1&Prime; el_position=\u00a0\u00bbfirst last\u00a0\u00bb] [blank_spacer height=\u00a0\u00bb44px\u00a0\u00bb width=\u00a0\u00bb1\/1&Prime; el_position=\u00a0\u00bbfirst last\u00a0\u00bb] [testimonial_slider text_size=\u00a0\u00bbnormal\u00a0\u00bb item_count=\u00a0\u00bb6&Prime; order=\u00a0\u00bbdate\u00a0\u00bb category=\u00a0\u00bbAll\u00a0\u00bb autoplay=\u00a0\u00bbyes\u00a0\u00bb alt_background=\u00a0\u00bbalt-eight\u00a0\u00bb el_class=\u00a0\u00bbmt0 bb0 bt0 no-arrow\u00a0\u00bb width=\u00a0\u00bb1\/1&Prime; el_position=\u00a0\u00bbfirst last\u00a0\u00bb]\n","protected":false},"excerpt":{"rendered":"<p>[blank_spacer height=\u00a0\u00bb3px\u00a0\u00bb width=\u00a0\u00bb1\/1&Prime; el_position=\u00a0\u00bbfirst last\u00a0\u00bb] [spb_text_block pb_margin_bottom=\u00a0\u00bbno\u00a0\u00bb pb_border_bottom=\u00a0\u00bbno\u00a0\u00bb width=\u00a0\u00bb1\/1&Prime; el_position=\u00a0\u00bbfirst last\u00a0\u00bb] \u00c0 propos de nous &nbsp; Depuis 1998, Holland Palette s\u2019est sp\u00e9cialis\u00e9 dans l\u2019organisation de programmes d\u00e9taill\u00e9s, voire minutieux, pour des groupes au BENELUX. Nous avons s\u00e9lectionn\u00e9 dans nombre de villes et de villages des restaurants agr\u00e9ables, des visites in\u00e9dites. Une \u00e9quipe de 60 guides est \u00e0 votre disposition pour [&hellip;]<\/p>\n","protected":false},"author":4,"featured_media":0,"parent":0,"menu_order":0,"comment_status":"closed","ping_status":"closed","template":"","meta":{"_monsterinsights_skip_tracking":false,"_monsterinsights_sitenote_active":false,"_monsterinsights_sitenote_note":"","_monsterinsights_sitenote_category":0,"footnotes":""},"class_list":["post-17159","page","type-page","status-publish","hentry"],"yoast_head":"<!-- This site is optimized with the Yoast SEO plugin v26.5 - https:\/\/yoast.com\/wordpress\/plugins\/seo\/ -->\n<title>\u00e0 notre propos. Depuis 1998, Holland Palette s\u2019est sp\u00e9cialis\u00e9 dans l\u2019organisation de programmes d\u00e9taill\u00e9s.<\/title>\n<meta name=\"description\" content=\"\u00e0 notre propos. Depuis 1998, Holland Palette s\u2019est sp\u00e9cialis\u00e9 dans l\u2019organisation de programmes d\u00e9taill\u00e9s, voire minutieux , pour groupes au BENELUX\" \/>\n<meta name=\"robots\" content=\"index, follow, max-snippet:-1, max-image-preview:large, max-video-preview:-1\" \/>\n<link rel=\"canonical\" href=\"https:\/\/www.hollandpalette.nl\/fr\/a-propos-de-nous\/\" \/>\n<meta property=\"og:locale\" content=\"fr_FR\" \/>\n<meta property=\"og:type\" content=\"article\" \/>\n<meta property=\"og:title\" content=\"\u00e0 notre propos. Depuis 1998, Holland Palette s\u2019est sp\u00e9cialis\u00e9 dans l\u2019organisation de programmes d\u00e9taill\u00e9s.\" \/>\n<meta property=\"og:description\" content=\"\u00e0 notre propos. Depuis 1998, Holland Palette s\u2019est sp\u00e9cialis\u00e9 dans l\u2019organisation de programmes d\u00e9taill\u00e9s, voire minutieux , pour groupes au BENELUX\" \/>\n<meta property=\"og:url\" content=\"https:\/\/www.hollandpalette.nl\/fr\/a-propos-de-nous\/\" \/>\n<meta property=\"og:site_name\" content=\"Holland Palette\" \/>\n<meta property=\"article:modified_time\" content=\"2025-04-10T12:35:51+00:00\" \/>\n<meta name=\"twitter:card\" content=\"summary_large_image\" \/>\n<meta name=\"twitter:label1\" content=\"Dur\u00e9e de lecture estim\u00e9e\" \/>\n\t<meta name=\"twitter:data1\" content=\"2 minutes\" \/>\n<script type=\"application\/ld+json\" class=\"yoast-schema-graph\">{\"@context\":\"https:\/\/schema.org\",\"@graph\":[{\"@type\":\"WebPage\",\"@id\":\"https:\/\/www.hollandpalette.nl\/fr\/a-propos-de-nous\/\",\"url\":\"https:\/\/www.hollandpalette.nl\/fr\/a-propos-de-nous\/\",\"name\":\"\u00e0 notre propos. Depuis 1998, Holland Palette s\u2019est sp\u00e9cialis\u00e9 dans l\u2019organisation de programmes d\u00e9taill\u00e9s.\",\"isPartOf\":{\"@id\":\"https:\/\/www.hollandpalette.nl\/#website\"},\"datePublished\":\"2020-03-06T14:33:47+00:00\",\"dateModified\":\"2025-04-10T12:35:51+00:00\",\"description\":\"\u00e0 notre propos. Depuis 1998, Holland Palette s\u2019est sp\u00e9cialis\u00e9 dans l\u2019organisation de programmes d\u00e9taill\u00e9s, voire minutieux , pour groupes au BENELUX\",\"breadcrumb\":{\"@id\":\"https:\/\/www.hollandpalette.nl\/fr\/a-propos-de-nous\/#breadcrumb\"},\"inLanguage\":\"fr-FR\",\"potentialAction\":[{\"@type\":\"ReadAction\",\"target\":[\"https:\/\/www.hollandpalette.nl\/fr\/a-propos-de-nous\/\"]}]},{\"@type\":\"BreadcrumbList\",\"@id\":\"https:\/\/www.hollandpalette.nl\/fr\/a-propos-de-nous\/#breadcrumb\",\"itemListElement\":[{\"@type\":\"ListItem\",\"position\":1,\"name\":\"Home\",\"item\":\"https:\/\/www.hollandpalette.nl\/fr\/\"},{\"@type\":\"ListItem\",\"position\":2,\"name\":\"\u00c0 propos de nous\"}]},{\"@type\":\"WebSite\",\"@id\":\"https:\/\/www.hollandpalette.nl\/#website\",\"url\":\"https:\/\/www.hollandpalette.nl\/\",\"name\":\"Holland Palette\",\"description\":\"\",\"publisher\":{\"@id\":\"https:\/\/www.hollandpalette.nl\/#organization\"},\"potentialAction\":[{\"@type\":\"SearchAction\",\"target\":{\"@type\":\"EntryPoint\",\"urlTemplate\":\"https:\/\/www.hollandpalette.nl\/?s={search_term_string}\"},\"query-input\":{\"@type\":\"PropertyValueSpecification\",\"valueRequired\":true,\"valueName\":\"search_term_string\"}}],\"inLanguage\":\"fr-FR\"},{\"@type\":\"Organization\",\"@id\":\"https:\/\/www.hollandpalette.nl\/#organization\",\"name\":\"Holland Palette\",\"url\":\"https:\/\/www.hollandpalette.nl\/\",\"logo\":{\"@type\":\"ImageObject\",\"inLanguage\":\"fr-FR\",\"@id\":\"https:\/\/www.hollandpalette.nl\/#\/schema\/logo\/image\/\",\"url\":\"https:\/\/www.hollandpalette.nl\/wp-content\/uploads\/2014\/12\/Holland-Palette-logo-large-cut.jpg\",\"contentUrl\":\"https:\/\/www.hollandpalette.nl\/wp-content\/uploads\/2014\/12\/Holland-Palette-logo-large-cut.jpg\",\"width\":601,\"height\":616,\"caption\":\"Holland Palette\"},\"image\":{\"@id\":\"https:\/\/www.hollandpalette.nl\/#\/schema\/logo\/image\/\"}}]}<\/script>\n<!-- \/ Yoast SEO plugin. -->","yoast_head_json":{"title":"\u00e0 notre propos. Depuis 1998, Holland Palette s\u2019est sp\u00e9cialis\u00e9 dans l\u2019organisation de programmes d\u00e9taill\u00e9s.","description":"\u00e0 notre propos. Depuis 1998, Holland Palette s\u2019est sp\u00e9cialis\u00e9 dans l\u2019organisation de programmes d\u00e9taill\u00e9s, voire minutieux , pour groupes au BENELUX","robots":{"index":"index","follow":"follow","max-snippet":"max-snippet:-1","max-image-preview":"max-image-preview:large","max-video-preview":"max-video-preview:-1"},"canonical":"https:\/\/www.hollandpalette.nl\/fr\/a-propos-de-nous\/","og_locale":"fr_FR","og_type":"article","og_title":"\u00e0 notre propos. Depuis 1998, Holland Palette s\u2019est sp\u00e9cialis\u00e9 dans l\u2019organisation de programmes d\u00e9taill\u00e9s.","og_description":"\u00e0 notre propos. Depuis 1998, Holland Palette s\u2019est sp\u00e9cialis\u00e9 dans l\u2019organisation de programmes d\u00e9taill\u00e9s, voire minutieux , pour groupes au BENELUX","og_url":"https:\/\/www.hollandpalette.nl\/fr\/a-propos-de-nous\/","og_site_name":"Holland Palette","article_modified_time":"2025-04-10T12:35:51+00:00","twitter_card":"summary_large_image","twitter_misc":{"Dur\u00e9e de lecture estim\u00e9e":"2 minutes"},"schema":{"@context":"https:\/\/schema.org","@graph":[{"@type":"WebPage","@id":"https:\/\/www.hollandpalette.nl\/fr\/a-propos-de-nous\/","url":"https:\/\/www.hollandpalette.nl\/fr\/a-propos-de-nous\/","name":"\u00e0 notre propos. Depuis 1998, Holland Palette s\u2019est sp\u00e9cialis\u00e9 dans l\u2019organisation de programmes d\u00e9taill\u00e9s.","isPartOf":{"@id":"https:\/\/www.hollandpalette.nl\/#website"},"datePublished":"2020-03-06T14:33:47+00:00","dateModified":"2025-04-10T12:35:51+00:00","description":"\u00e0 notre propos. Depuis 1998, Holland Palette s\u2019est sp\u00e9cialis\u00e9 dans l\u2019organisation de programmes d\u00e9taill\u00e9s, voire minutieux , pour groupes au BENELUX","breadcrumb":{"@id":"https:\/\/www.hollandpalette.nl\/fr\/a-propos-de-nous\/#breadcrumb"},"inLanguage":"fr-FR","potentialAction":[{"@type":"ReadAction","target":["https:\/\/www.hollandpalette.nl\/fr\/a-propos-de-nous\/"]}]},{"@type":"BreadcrumbList","@id":"https:\/\/www.hollandpalette.nl\/fr\/a-propos-de-nous\/#breadcrumb","itemListElement":[{"@type":"ListItem","position":1,"name":"Home","item":"https:\/\/www.hollandpalette.nl\/fr\/"},{"@type":"ListItem","position":2,"name":"\u00c0 propos de nous"}]},{"@type":"WebSite","@id":"https:\/\/www.hollandpalette.nl\/#website","url":"https:\/\/www.hollandpalette.nl\/","name":"Holland Palette","description":"","publisher":{"@id":"https:\/\/www.hollandpalette.nl\/#organization"},"potentialAction":[{"@type":"SearchAction","target":{"@type":"EntryPoint","urlTemplate":"https:\/\/www.hollandpalette.nl\/?s={search_term_string}"},"query-input":{"@type":"PropertyValueSpecification","valueRequired":true,"valueName":"search_term_string"}}],"inLanguage":"fr-FR"},{"@type":"Organization","@id":"https:\/\/www.hollandpalette.nl\/#organization","name":"Holland Palette","url":"https:\/\/www.hollandpalette.nl\/","logo":{"@type":"ImageObject","inLanguage":"fr-FR","@id":"https:\/\/www.hollandpalette.nl\/#\/schema\/logo\/image\/","url":"https:\/\/www.hollandpalette.nl\/wp-content\/uploads\/2014\/12\/Holland-Palette-logo-large-cut.jpg","contentUrl":"https:\/\/www.hollandpalette.nl\/wp-content\/uploads\/2014\/12\/Holland-Palette-logo-large-cut.jpg","width":601,"height":616,"caption":"Holland Palette"},"image":{"@id":"https:\/\/www.hollandpalette.nl\/#\/schema\/logo\/image\/"}}]}},"_links":{"self":[{"href":"https:\/\/www.hollandpalette.nl\/fr\/wp-json\/wp\/v2\/pages\/17159\/"}],"collection":[{"href":"https:\/\/www.hollandpalette.nl\/fr\/wp-json\/wp\/v2\/pages\/"}],"about":[{"href":"https:\/\/www.hollandpalette.nl\/fr\/wp-json\/wp\/v2\/types\/page\/"}],"author":[{"embeddable":true,"href":"https:\/\/www.hollandpalette.nl\/fr\/wp-json\/wp\/v2\/users\/4\/"}],"replies":[{"embeddable":true,"href":"https:\/\/www.hollandpalette.nl\/fr\/wp-json\/wp\/v2\/comments\/?post=17159"}],"version-history":[{"count":10,"href":"https:\/\/www.hollandpalette.nl\/fr\/wp-json\/wp\/v2\/pages\/17159\/revisions\/"}],"predecessor-version":[{"id":19076,"href":"https:\/\/www.hollandpalette.nl\/fr\/wp-json\/wp\/v2\/pages\/17159\/revisions\/19076\/"}],"wp:attachment":[{"href":"https:\/\/www.hollandpalette.nl\/fr\/wp-json\/wp\/v2\/media\/?parent=17159"}],"curies":[{"name":"wp","href":"https:\/\/api.w.org\/{rel}","templated":true}]}}